{"id":124,"date":"2022-12-09T11:50:45","date_gmt":"2022-12-09T10:50:45","guid":{"rendered":"https:\/\/ingeflex.com\/?page_id=124"},"modified":"2026-04-01T06:01:52","modified_gmt":"2026-04-01T04:01:52","slug":"controle-dacces-et-videosurveillance","status":"publish","type":"page","link":"https:\/\/ingeflex.com\/index.php\/controle-dacces-et-videosurveillance\/","title":{"rendered":"Contr\u00f4le d&rsquo;acc\u00e8s et Vid\u00e9osurveillance"},"content":{"rendered":"\n<h3 class=\"wp-block-heading\">Technologie du contr\u00f4le d&rsquo;acc\u00e8s<\/h3>\n\n\n\n<p>Nous proposons des solutions s\u00e9curis\u00e9es derni\u00e8res g\u00e9n\u00e9ration qui utilisent un chiffrement de bout en bout.<\/p>\n\n\n\n<p>Notre solution utilise le RFID, les Badges, les Cartes au format cr\u00e9dit ou encore le Bluetooth des mobiles via une application et un abonnement pour ce dernier.<\/p>\n\n\n\n<p>Comme toujours nos proc\u00e9dons \u00e0 une s\u00e9lection stricte afin de proposer des produits simples d&rsquo;usage.<br>Nos produits sont robustes, \u00e9conomiques et faciles d&rsquo;acc\u00e8s technologiquement.<br>Ce mod\u00e8le commercial vous permet un retour sur investissement car l&rsquo;appropriation est garantie.<br>Nous garantissons, par ailleurs, la mise en \u0153uvre, l&rsquo;assistance et la maintenance.<br>Notre solution utilise des technologies OPEN \u00e9prouv\u00e9es avec des produits comme HID pour les lecteurs et cartes SEOS (non copiable) dont le trafic circule vers le contr\u00f4leur de portes en OSDP ce qui garanti une communication chiffr\u00e9e de bout en bout et garantie l&rsquo;int\u00e9grit\u00e9 des codes individuels.<\/p>\n\n\n\n<h3 class=\"wp-block-heading\">Technologie de la vid\u00e9osurveillance<\/h3>\n\n\n\n<p>Nos enregistreurs permettent l&rsquo;int\u00e9gration de cam\u00e9ras compatibles ONVIF.<br>Nous travaillons sur un environnement ouvert pour garantir la maitrise des co\u00fbts et la p\u00e9rennit\u00e9 de la solution.<br>Si les cam\u00e9ras ne sont pas \u00e9volu\u00e9es, l&rsquo;enregistreur au travers de sa couche logicielle augmentera les capacit\u00e9s de l&rsquo;enregistrement.<br>Une cam\u00e9ra \u00e0 100 euros aura les m\u00eames fonctionnalit\u00e9s gr\u00e2ce \u00e0 l enregistreur qu&rsquo;une cam\u00e9ra \u00e0 500\u20ac. (D\u00e9tection de mouvements, zone de franchissement etc &#8230;)<\/p>\n\n\n\n<p>Le syst\u00e8me de vid\u00e9osurveillance peut \u00eatre coupl\u00e9 au gestionnaire de portes ce qui rend votre syst\u00e8me \u00e9volutif et intelligent via la reconnaissance faciale (double authentification &#8211; 2FA).<br>Dans une moindre mesure, on enregistre l&rsquo;\u00e9v\u00e8nement vid\u00e9o sur l&rsquo;ouverture de porte.<\/p>\n\n\n\n<p>Concernant le retour vid\u00e9o, il est accessible via un simple navigateur.<br>Deux r\u00f4les sont propos\u00e9s: manager de configuration et op\u00e9rateur de visionnage.<br>Une application mobile existe \u00e9galement mais n\u00e9cessite une ouverture sur l&rsquo;ext\u00e9rieur ou un VPN.<\/p>\n\n\n\n<p>La continuit\u00e9 d&rsquo;activit\u00e9 est assur\u00e9e par un syst\u00e8me RAID de disques durs et des onduleurs. Une r\u00e9plication des enregistrements est \u00e9galement possible.<\/p>\n\n\n\n<hr class=\"wp-block-separator has-alpha-channel-opacity\"\/>\n\n\n\n<h3 class=\"wp-block-heading\">\ud83d\udcac <strong>Nous contacter<\/strong><\/h3>\n\n\n\n<p>Un ing\u00e9nieur commercial \u00e0 votre \u00e9coute, quel que soit votre niveau informatique, vous accompagnera pour sur tous vos sujets et sans aucune obligation de votre part.<br>Un seul num\u00e9ro en moins d une minute, le 01 85 83 04 00 ou via le chat en ligne (infobulle bleue en bas a droite)<\/p>\n\n\n\n<div class=\"wp-block-buttons is-layout-flex wp-block-buttons-is-layout-flex\">\n<div class=\"wp-block-button\"><a class=\"wp-block-button__link wp-element-button\" href=\"https:\/\/ingeflex.com\/index.php\/contact\/\">\ud83d\udc49 Contactez nous<\/a><\/div>\n<\/div>\n","protected":false},"excerpt":{"rendered":"<p>Technologie du contr\u00f4le d&rsquo;acc\u00e8s Nous proposons des solutions s\u00e9curis\u00e9es derni\u00e8res g\u00e9n\u00e9ration qui utilisent un chiffrement de bout en bout. Notre solution utilise le RFID, les Badges, les Cartes au format cr\u00e9dit ou encore le Bluetooth des mobiles via une application et un abonnement pour ce dernier. Comme toujours nos proc\u00e9dons&#8230;<\/p>\n","protected":false},"author":1,"featured_media":0,"parent":0,"menu_order":0,"comment_status":"closed","ping_status":"closed","template":"","meta":{"footnotes":""},"class_list":["post-124","page","type-page","status-publish","hentry"],"yoast_head":"<!-- This site is optimized with the Yoast SEO plugin v27.3 - https:\/\/yoast.com\/product\/yoast-seo-wordpress\/ -->\n<title>Contr\u00f4le d&#039;acc\u00e8s et Vid\u00e9osurveillance - INGEFLEX<\/title>\n<meta name=\"description\" content=\"Solution de contr\u00f4le d&#039;acc\u00e8s nouvelle g\u00e9n\u00e9ration et couplage vid\u00e9o, s\u00e9curis\u00e9, redondant, simple et couts maitris\u00e9s.\" \/>\n<meta name=\"robots\" content=\"index, follow, max-snippet:-1, max-image-preview:large, max-video-preview:-1\" \/>\n<link rel=\"canonical\" href=\"https:\/\/ingeflex.com\/index.php\/controle-dacces-et-videosurveillance\/\" \/>\n<meta property=\"og:locale\" content=\"fr_FR\" \/>\n<meta property=\"og:type\" content=\"article\" \/>\n<meta property=\"og:title\" content=\"Contr\u00f4le d&#039;acc\u00e8s et Vid\u00e9osurveillance - INGEFLEX\" \/>\n<meta property=\"og:description\" content=\"Solution de contr\u00f4le d&#039;acc\u00e8s nouvelle g\u00e9n\u00e9ration et couplage vid\u00e9o, s\u00e9curis\u00e9, redondant, simple et couts maitris\u00e9s.\" \/>\n<meta property=\"og:url\" content=\"https:\/\/ingeflex.com\/index.php\/controle-dacces-et-videosurveillance\/\" \/>\n<meta property=\"og:site_name\" content=\"INGEFLEX\" \/>\n<meta property=\"article:modified_time\" content=\"2026-04-01T04:01:52+00:00\" \/>\n<meta name=\"twitter:card\" content=\"summary_large_image\" \/>\n<meta name=\"twitter:label1\" content=\"Dur\u00e9e de lecture estim\u00e9e\" \/>\n\t<meta name=\"twitter:data1\" content=\"2 minutes\" \/>\n<script type=\"application\/ld+json\" class=\"yoast-schema-graph\">{\"@context\":\"https:\\\/\\\/schema.org\",\"@graph\":[{\"@type\":\"WebPage\",\"@id\":\"https:\\\/\\\/ingeflex.com\\\/index.php\\\/controle-dacces-et-videosurveillance\\\/\",\"url\":\"https:\\\/\\\/ingeflex.com\\\/index.php\\\/controle-dacces-et-videosurveillance\\\/\",\"name\":\"Contr\u00f4le d'acc\u00e8s et Vid\u00e9osurveillance - INGEFLEX\",\"isPartOf\":{\"@id\":\"https:\\\/\\\/ingeflex.com\\\/#website\"},\"datePublished\":\"2022-12-09T10:50:45+00:00\",\"dateModified\":\"2026-04-01T04:01:52+00:00\",\"description\":\"Solution de contr\u00f4le d'acc\u00e8s nouvelle g\u00e9n\u00e9ration et couplage vid\u00e9o, s\u00e9curis\u00e9, redondant, simple et couts maitris\u00e9s.\",\"breadcrumb\":{\"@id\":\"https:\\\/\\\/ingeflex.com\\\/index.php\\\/controle-dacces-et-videosurveillance\\\/#breadcrumb\"},\"inLanguage\":\"fr-FR\",\"potentialAction\":[{\"@type\":\"ReadAction\",\"target\":[\"https:\\\/\\\/ingeflex.com\\\/index.php\\\/controle-dacces-et-videosurveillance\\\/\"]}]},{\"@type\":\"BreadcrumbList\",\"@id\":\"https:\\\/\\\/ingeflex.com\\\/index.php\\\/controle-dacces-et-videosurveillance\\\/#breadcrumb\",\"itemListElement\":[{\"@type\":\"ListItem\",\"position\":1,\"name\":\"Accueil\",\"item\":\"https:\\\/\\\/ingeflex.com\\\/\"},{\"@type\":\"ListItem\",\"position\":2,\"name\":\"Contr\u00f4le d&rsquo;acc\u00e8s et Vid\u00e9osurveillance\"}]},{\"@type\":\"WebSite\",\"@id\":\"https:\\\/\\\/ingeflex.com\\\/#website\",\"url\":\"https:\\\/\\\/ingeflex.com\\\/\",\"name\":\"INGEFLEX\",\"description\":\"met en oeuvre votre cr\u00e9ativit\u00e9\",\"publisher\":{\"@id\":\"https:\\\/\\\/ingeflex.com\\\/#organization\"},\"potentialAction\":[{\"@type\":\"SearchAction\",\"target\":{\"@type\":\"EntryPoint\",\"urlTemplate\":\"https:\\\/\\\/ingeflex.com\\\/?s={search_term_string}\"},\"query-input\":{\"@type\":\"PropertyValueSpecification\",\"valueRequired\":true,\"valueName\":\"search_term_string\"}}],\"inLanguage\":\"fr-FR\"},{\"@type\":\"Organization\",\"@id\":\"https:\\\/\\\/ingeflex.com\\\/#organization\",\"name\":\"INGEFLEX\",\"url\":\"https:\\\/\\\/ingeflex.com\\\/\",\"logo\":{\"@type\":\"ImageObject\",\"inLanguage\":\"fr-FR\",\"@id\":\"https:\\\/\\\/ingeflex.com\\\/#\\\/schema\\\/logo\\\/image\\\/\",\"url\":\"https:\\\/\\\/ingeflex.com\\\/wp-content\\\/uploads\\\/2021\\\/07\\\/ing-logosite.png\",\"contentUrl\":\"https:\\\/\\\/ingeflex.com\\\/wp-content\\\/uploads\\\/2021\\\/07\\\/ing-logosite.png\",\"width\":512,\"height\":512,\"caption\":\"INGEFLEX\"},\"image\":{\"@id\":\"https:\\\/\\\/ingeflex.com\\\/#\\\/schema\\\/logo\\\/image\\\/\"}}]}<\/script>\n<!-- \/ Yoast SEO plugin. -->","yoast_head_json":{"title":"Contr\u00f4le d'acc\u00e8s et Vid\u00e9osurveillance - INGEFLEX","description":"Solution de contr\u00f4le d'acc\u00e8s nouvelle g\u00e9n\u00e9ration et couplage vid\u00e9o, s\u00e9curis\u00e9, redondant, simple et couts maitris\u00e9s.","robots":{"index":"index","follow":"follow","max-snippet":"max-snippet:-1","max-image-preview":"max-image-preview:large","max-video-preview":"max-video-preview:-1"},"canonical":"https:\/\/ingeflex.com\/index.php\/controle-dacces-et-videosurveillance\/","og_locale":"fr_FR","og_type":"article","og_title":"Contr\u00f4le d'acc\u00e8s et Vid\u00e9osurveillance - INGEFLEX","og_description":"Solution de contr\u00f4le d'acc\u00e8s nouvelle g\u00e9n\u00e9ration et couplage vid\u00e9o, s\u00e9curis\u00e9, redondant, simple et couts maitris\u00e9s.","og_url":"https:\/\/ingeflex.com\/index.php\/controle-dacces-et-videosurveillance\/","og_site_name":"INGEFLEX","article_modified_time":"2026-04-01T04:01:52+00:00","twitter_card":"summary_large_image","twitter_misc":{"Dur\u00e9e de lecture estim\u00e9e":"2 minutes"},"schema":{"@context":"https:\/\/schema.org","@graph":[{"@type":"WebPage","@id":"https:\/\/ingeflex.com\/index.php\/controle-dacces-et-videosurveillance\/","url":"https:\/\/ingeflex.com\/index.php\/controle-dacces-et-videosurveillance\/","name":"Contr\u00f4le d'acc\u00e8s et Vid\u00e9osurveillance - INGEFLEX","isPartOf":{"@id":"https:\/\/ingeflex.com\/#website"},"datePublished":"2022-12-09T10:50:45+00:00","dateModified":"2026-04-01T04:01:52+00:00","description":"Solution de contr\u00f4le d'acc\u00e8s nouvelle g\u00e9n\u00e9ration et couplage vid\u00e9o, s\u00e9curis\u00e9, redondant, simple et couts maitris\u00e9s.","breadcrumb":{"@id":"https:\/\/ingeflex.com\/index.php\/controle-dacces-et-videosurveillance\/#breadcrumb"},"inLanguage":"fr-FR","potentialAction":[{"@type":"ReadAction","target":["https:\/\/ingeflex.com\/index.php\/controle-dacces-et-videosurveillance\/"]}]},{"@type":"BreadcrumbList","@id":"https:\/\/ingeflex.com\/index.php\/controle-dacces-et-videosurveillance\/#breadcrumb","itemListElement":[{"@type":"ListItem","position":1,"name":"Accueil","item":"https:\/\/ingeflex.com\/"},{"@type":"ListItem","position":2,"name":"Contr\u00f4le d&rsquo;acc\u00e8s et Vid\u00e9osurveillance"}]},{"@type":"WebSite","@id":"https:\/\/ingeflex.com\/#website","url":"https:\/\/ingeflex.com\/","name":"INGEFLEX","description":"met en oeuvre votre cr\u00e9ativit\u00e9","publisher":{"@id":"https:\/\/ingeflex.com\/#organization"},"potentialAction":[{"@type":"SearchAction","target":{"@type":"EntryPoint","urlTemplate":"https:\/\/ingeflex.com\/?s={search_term_string}"},"query-input":{"@type":"PropertyValueSpecification","valueRequired":true,"valueName":"search_term_string"}}],"inLanguage":"fr-FR"},{"@type":"Organization","@id":"https:\/\/ingeflex.com\/#organization","name":"INGEFLEX","url":"https:\/\/ingeflex.com\/","logo":{"@type":"ImageObject","inLanguage":"fr-FR","@id":"https:\/\/ingeflex.com\/#\/schema\/logo\/image\/","url":"https:\/\/ingeflex.com\/wp-content\/uploads\/2021\/07\/ing-logosite.png","contentUrl":"https:\/\/ingeflex.com\/wp-content\/uploads\/2021\/07\/ing-logosite.png","width":512,"height":512,"caption":"INGEFLEX"},"image":{"@id":"https:\/\/ingeflex.com\/#\/schema\/logo\/image\/"}}]}},"_links":{"self":[{"href":"https:\/\/ingeflex.com\/index.php\/wp-json\/wp\/v2\/pages\/124","targetHints":{"allow":["GET"]}}],"collection":[{"href":"https:\/\/ingeflex.com\/index.php\/wp-json\/wp\/v2\/pages"}],"about":[{"href":"https:\/\/ingeflex.com\/index.php\/wp-json\/wp\/v2\/types\/page"}],"author":[{"embeddable":true,"href":"https:\/\/ingeflex.com\/index.php\/wp-json\/wp\/v2\/users\/1"}],"replies":[{"embeddable":true,"href":"https:\/\/ingeflex.com\/index.php\/wp-json\/wp\/v2\/comments?post=124"}],"version-history":[{"count":10,"href":"https:\/\/ingeflex.com\/index.php\/wp-json\/wp\/v2\/pages\/124\/revisions"}],"predecessor-version":[{"id":748,"href":"https:\/\/ingeflex.com\/index.php\/wp-json\/wp\/v2\/pages\/124\/revisions\/748"}],"wp:attachment":[{"href":"https:\/\/ingeflex.com\/index.php\/wp-json\/wp\/v2\/media?parent=124"}],"curies":[{"name":"wp","href":"https:\/\/api.w.org\/{rel}","templated":true}]}}