{"id":208,"date":"2024-09-24T16:50:32","date_gmt":"2024-09-24T14:50:32","guid":{"rendered":"https:\/\/ingeflex.com\/?page_id=208"},"modified":"2026-04-07T17:17:59","modified_gmt":"2026-04-07T15:17:59","slug":"infrastructure-reseau","status":"publish","type":"page","link":"https:\/\/ingeflex.com\/index.php\/infrastructure-reseau\/","title":{"rendered":"Architecture r\u00e9seau &amp; infrastructure IT"},"content":{"rendered":"\n<h3 class=\"wp-block-heading\">Une infrastructure performante et fiable<\/h3>\n\n\n\n<p class=\"has-medium-font-size\">Votre r\u00e9seau est le c\u0153ur de votre syst\u00e8me d\u2019information.<\/p>\n\n\n\n<p class=\"has-medium-font-size\">Nous concevons des architectures robustes et \u00e9volutives.<\/p>\n\n\n\n<hr class=\"wp-block-separator has-alpha-channel-opacity is-style-wide\"\/>\n\n\n\n<h2 class=\"wp-block-heading\">Nos expertises<\/h2>\n\n\n\n<ul class=\"wp-block-list\">\n<li class=\"has-medium-font-size\">Design r\u00e9seau avanc\u00e9<\/li>\n\n\n\n<li class=\"has-medium-font-size\">Gestion multi-sites<\/li>\n\n\n\n<li class=\"has-medium-font-size\">VLAN &amp; segmentation<\/li>\n\n\n\n<li class=\"has-medium-font-size\">Firewall &amp; s\u00e9curit\u00e9 r\u00e9seau<\/li>\n\n\n\n<li class=\"has-medium-font-size\">Haute disponibilit\u00e9<\/li>\n<\/ul>\n\n\n\n<hr class=\"wp-block-separator has-alpha-channel-opacity is-style-wide\"\/>\n\n\n\n<h2 class=\"wp-block-heading\">B\u00e9n\u00e9fices<\/h2>\n\n\n\n<ul class=\"wp-block-list\">\n<li class=\"has-medium-font-size\">Performance optimis\u00e9e<\/li>\n\n\n\n<li class=\"has-medium-font-size\">R\u00e9duction des incidents<\/li>\n\n\n\n<li class=\"has-medium-font-size\">Meilleure ma\u00eetrise des flux<\/li>\n<\/ul>\n\n\n\n<div class=\"wp-block-buttons is-layout-flex wp-block-buttons-is-layout-flex\">\n<div class=\"wp-block-button\"><a class=\"wp-block-button__link wp-element-button\" href=\"https:\/\/ingeflex.com\/index.php\/demande-daudit-gratuit\/\">\ud83d\udc49 <strong>D<\/strong>emander un conseil gratuitement<\/a><\/div>\n<\/div>\n\n\n\n<p> <br><\/p>\n\n\n\n<h4 class=\"wp-block-heading\">Besoin d\u2019un devis ou d\u2019un accompagnement personnalis\u00e9 ?<\/h4>\n\n\n\n<p>Nos \u00e9quipes vous accompagnent de l\u2019audit \u00e0 la mise en production de votre nouvelle <strong>infrastructure r\u00e9seau<\/strong>.<\/p>\n\n\n\n<p>\ud83d\udcde <strong><a href=\"https:\/\/ingeflex.com\/index.php\/contact\/\" type=\"link\" id=\"https:\/\/ingeflex.com\/index.php\/contact\/\">Contactez\u2011nous<\/a><\/strong> pour un devis ou une \u00e9tude personnalis\u00e9e et b\u00e9n\u00e9ficiez d\u2019une solution r\u00e9seau performante, s\u00e9curis\u00e9e et durable ou via le chat via le chat en ligne (infobulle bleue en bas \u00e0 droite)<br>Un ing\u00e9nieur commercial \u00e0 votre \u00e9coute, quel que soit votre niveau informatique, vous accompagnera pour sur tous vos sujets et sans aucune obligation de votre part.<br>Un seul num\u00e9ro en moins d une minute, le 01 85 83 04 00<\/p>\n\n\n\n<p><\/p>\n","protected":false},"excerpt":{"rendered":"<p>Une infrastructure performante et fiable Votre r\u00e9seau est le c\u0153ur de votre syst\u00e8me d\u2019information. Nous concevons des architectures robustes et \u00e9volutives. Nos expertises B\u00e9n\u00e9fices Besoin d\u2019un devis ou d\u2019un accompagnement personnalis\u00e9 ? Nos \u00e9quipes vous accompagnent de l\u2019audit \u00e0 la mise en production de votre nouvelle infrastructure r\u00e9seau. \ud83d\udcde Contactez\u2011nous&#8230;<\/p>\n","protected":false},"author":1,"featured_media":0,"parent":0,"menu_order":0,"comment_status":"closed","ping_status":"closed","template":"","meta":{"footnotes":""},"class_list":["post-208","page","type-page","status-publish","hentry"],"yoast_head":"<!-- This site is optimized with the Yoast SEO plugin v27.5 - https:\/\/yoast.com\/product\/yoast-seo-wordpress\/ -->\n<title>Architecture r\u00e9seau &amp; infrastructure IT - INGEFLEX<\/title>\n<meta name=\"description\" content=\"Solutions switches PoE niveau 2 &amp; 3 pour infrastructures r\u00e9seau performantes. Gestion cloud, supervision, fiabilit\u00e9 pro &amp; prix comp\u00e9titifs avec INGEFLEX\" \/>\n<meta name=\"robots\" content=\"index, follow, max-snippet:-1, max-image-preview:large, max-video-preview:-1\" \/>\n<link rel=\"canonical\" href=\"https:\/\/ingeflex.com\/index.php\/infrastructure-reseau\/\" \/>\n<meta property=\"og:locale\" content=\"fr_FR\" \/>\n<meta property=\"og:type\" content=\"article\" \/>\n<meta property=\"og:title\" content=\"Architecture r\u00e9seau &amp; infrastructure IT - INGEFLEX\" \/>\n<meta property=\"og:description\" content=\"Solutions switches PoE niveau 2 &amp; 3 pour infrastructures r\u00e9seau performantes. Gestion cloud, supervision, fiabilit\u00e9 pro &amp; prix comp\u00e9titifs avec INGEFLEX\" \/>\n<meta property=\"og:url\" content=\"https:\/\/ingeflex.com\/index.php\/infrastructure-reseau\/\" \/>\n<meta property=\"og:site_name\" content=\"INGEFLEX\" \/>\n<meta property=\"article:modified_time\" content=\"2026-04-07T15:17:59+00:00\" \/>\n<meta name=\"twitter:card\" content=\"summary_large_image\" \/>\n<meta name=\"twitter:label1\" content=\"Dur\u00e9e de lecture estim\u00e9e\" \/>\n\t<meta name=\"twitter:data1\" content=\"1 minute\" \/>\n<script type=\"application\/ld+json\" class=\"yoast-schema-graph\">{\"@context\":\"https:\\\/\\\/schema.org\",\"@graph\":[{\"@type\":\"WebPage\",\"@id\":\"https:\\\/\\\/ingeflex.com\\\/index.php\\\/infrastructure-reseau\\\/\",\"url\":\"https:\\\/\\\/ingeflex.com\\\/index.php\\\/infrastructure-reseau\\\/\",\"name\":\"Architecture r\u00e9seau &amp; infrastructure IT - INGEFLEX\",\"isPartOf\":{\"@id\":\"https:\\\/\\\/ingeflex.com\\\/#website\"},\"datePublished\":\"2024-09-24T14:50:32+00:00\",\"dateModified\":\"2026-04-07T15:17:59+00:00\",\"description\":\"Solutions switches PoE niveau 2 & 3 pour infrastructures r\u00e9seau performantes. Gestion cloud, supervision, fiabilit\u00e9 pro & prix comp\u00e9titifs avec INGEFLEX\",\"breadcrumb\":{\"@id\":\"https:\\\/\\\/ingeflex.com\\\/index.php\\\/infrastructure-reseau\\\/#breadcrumb\"},\"inLanguage\":\"fr-FR\",\"potentialAction\":[{\"@type\":\"ReadAction\",\"target\":[\"https:\\\/\\\/ingeflex.com\\\/index.php\\\/infrastructure-reseau\\\/\"]}]},{\"@type\":\"BreadcrumbList\",\"@id\":\"https:\\\/\\\/ingeflex.com\\\/index.php\\\/infrastructure-reseau\\\/#breadcrumb\",\"itemListElement\":[{\"@type\":\"ListItem\",\"position\":1,\"name\":\"Accueil\",\"item\":\"https:\\\/\\\/ingeflex.com\\\/\"},{\"@type\":\"ListItem\",\"position\":2,\"name\":\"Architecture r\u00e9seau &amp; infrastructure IT\"}]},{\"@type\":\"WebSite\",\"@id\":\"https:\\\/\\\/ingeflex.com\\\/#website\",\"url\":\"https:\\\/\\\/ingeflex.com\\\/\",\"name\":\"INGEFLEX\",\"description\":\"met en oeuvre votre cr\u00e9ativit\u00e9\",\"publisher\":{\"@id\":\"https:\\\/\\\/ingeflex.com\\\/#organization\"},\"potentialAction\":[{\"@type\":\"SearchAction\",\"target\":{\"@type\":\"EntryPoint\",\"urlTemplate\":\"https:\\\/\\\/ingeflex.com\\\/?s={search_term_string}\"},\"query-input\":{\"@type\":\"PropertyValueSpecification\",\"valueRequired\":true,\"valueName\":\"search_term_string\"}}],\"inLanguage\":\"fr-FR\"},{\"@type\":\"Organization\",\"@id\":\"https:\\\/\\\/ingeflex.com\\\/#organization\",\"name\":\"INGEFLEX\",\"url\":\"https:\\\/\\\/ingeflex.com\\\/\",\"logo\":{\"@type\":\"ImageObject\",\"inLanguage\":\"fr-FR\",\"@id\":\"https:\\\/\\\/ingeflex.com\\\/#\\\/schema\\\/logo\\\/image\\\/\",\"url\":\"https:\\\/\\\/ingeflex.com\\\/wp-content\\\/uploads\\\/2021\\\/07\\\/ing-logosite.png\",\"contentUrl\":\"https:\\\/\\\/ingeflex.com\\\/wp-content\\\/uploads\\\/2021\\\/07\\\/ing-logosite.png\",\"width\":512,\"height\":512,\"caption\":\"INGEFLEX\"},\"image\":{\"@id\":\"https:\\\/\\\/ingeflex.com\\\/#\\\/schema\\\/logo\\\/image\\\/\"}}]}<\/script>\n<!-- \/ Yoast SEO plugin. -->","yoast_head_json":{"title":"Architecture r\u00e9seau &amp; infrastructure IT - INGEFLEX","description":"Solutions switches PoE niveau 2 & 3 pour infrastructures r\u00e9seau performantes. Gestion cloud, supervision, fiabilit\u00e9 pro & prix comp\u00e9titifs avec INGEFLEX","robots":{"index":"index","follow":"follow","max-snippet":"max-snippet:-1","max-image-preview":"max-image-preview:large","max-video-preview":"max-video-preview:-1"},"canonical":"https:\/\/ingeflex.com\/index.php\/infrastructure-reseau\/","og_locale":"fr_FR","og_type":"article","og_title":"Architecture r\u00e9seau &amp; infrastructure IT - INGEFLEX","og_description":"Solutions switches PoE niveau 2 & 3 pour infrastructures r\u00e9seau performantes. Gestion cloud, supervision, fiabilit\u00e9 pro & prix comp\u00e9titifs avec INGEFLEX","og_url":"https:\/\/ingeflex.com\/index.php\/infrastructure-reseau\/","og_site_name":"INGEFLEX","article_modified_time":"2026-04-07T15:17:59+00:00","twitter_card":"summary_large_image","twitter_misc":{"Dur\u00e9e de lecture estim\u00e9e":"1 minute"},"schema":{"@context":"https:\/\/schema.org","@graph":[{"@type":"WebPage","@id":"https:\/\/ingeflex.com\/index.php\/infrastructure-reseau\/","url":"https:\/\/ingeflex.com\/index.php\/infrastructure-reseau\/","name":"Architecture r\u00e9seau &amp; infrastructure IT - INGEFLEX","isPartOf":{"@id":"https:\/\/ingeflex.com\/#website"},"datePublished":"2024-09-24T14:50:32+00:00","dateModified":"2026-04-07T15:17:59+00:00","description":"Solutions switches PoE niveau 2 & 3 pour infrastructures r\u00e9seau performantes. Gestion cloud, supervision, fiabilit\u00e9 pro & prix comp\u00e9titifs avec INGEFLEX","breadcrumb":{"@id":"https:\/\/ingeflex.com\/index.php\/infrastructure-reseau\/#breadcrumb"},"inLanguage":"fr-FR","potentialAction":[{"@type":"ReadAction","target":["https:\/\/ingeflex.com\/index.php\/infrastructure-reseau\/"]}]},{"@type":"BreadcrumbList","@id":"https:\/\/ingeflex.com\/index.php\/infrastructure-reseau\/#breadcrumb","itemListElement":[{"@type":"ListItem","position":1,"name":"Accueil","item":"https:\/\/ingeflex.com\/"},{"@type":"ListItem","position":2,"name":"Architecture r\u00e9seau &amp; infrastructure IT"}]},{"@type":"WebSite","@id":"https:\/\/ingeflex.com\/#website","url":"https:\/\/ingeflex.com\/","name":"INGEFLEX","description":"met en oeuvre votre cr\u00e9ativit\u00e9","publisher":{"@id":"https:\/\/ingeflex.com\/#organization"},"potentialAction":[{"@type":"SearchAction","target":{"@type":"EntryPoint","urlTemplate":"https:\/\/ingeflex.com\/?s={search_term_string}"},"query-input":{"@type":"PropertyValueSpecification","valueRequired":true,"valueName":"search_term_string"}}],"inLanguage":"fr-FR"},{"@type":"Organization","@id":"https:\/\/ingeflex.com\/#organization","name":"INGEFLEX","url":"https:\/\/ingeflex.com\/","logo":{"@type":"ImageObject","inLanguage":"fr-FR","@id":"https:\/\/ingeflex.com\/#\/schema\/logo\/image\/","url":"https:\/\/ingeflex.com\/wp-content\/uploads\/2021\/07\/ing-logosite.png","contentUrl":"https:\/\/ingeflex.com\/wp-content\/uploads\/2021\/07\/ing-logosite.png","width":512,"height":512,"caption":"INGEFLEX"},"image":{"@id":"https:\/\/ingeflex.com\/#\/schema\/logo\/image\/"}}]}},"_links":{"self":[{"href":"https:\/\/ingeflex.com\/index.php\/wp-json\/wp\/v2\/pages\/208","targetHints":{"allow":["GET"]}}],"collection":[{"href":"https:\/\/ingeflex.com\/index.php\/wp-json\/wp\/v2\/pages"}],"about":[{"href":"https:\/\/ingeflex.com\/index.php\/wp-json\/wp\/v2\/types\/page"}],"author":[{"embeddable":true,"href":"https:\/\/ingeflex.com\/index.php\/wp-json\/wp\/v2\/users\/1"}],"replies":[{"embeddable":true,"href":"https:\/\/ingeflex.com\/index.php\/wp-json\/wp\/v2\/comments?post=208"}],"version-history":[{"count":13,"href":"https:\/\/ingeflex.com\/index.php\/wp-json\/wp\/v2\/pages\/208\/revisions"}],"predecessor-version":[{"id":792,"href":"https:\/\/ingeflex.com\/index.php\/wp-json\/wp\/v2\/pages\/208\/revisions\/792"}],"wp:attachment":[{"href":"https:\/\/ingeflex.com\/index.php\/wp-json\/wp\/v2\/media?parent=208"}],"curies":[{"name":"wp","href":"https:\/\/api.w.org\/{rel}","templated":true}]}}