{"id":351,"date":"2025-01-10T16:02:26","date_gmt":"2025-01-10T15:02:26","guid":{"rendered":"https:\/\/ingeflex.com\/?page_id=351"},"modified":"2025-11-12T07:49:55","modified_gmt":"2025-11-12T06:49:55","slug":"switches","status":"publish","type":"page","link":"https:\/\/ingeflex.com\/index.php\/switches\/","title":{"rendered":"Switches imbattables"},"content":{"rendered":"\n<p>Switches c\u0153ur de r\u00e9seau empilable L3 \/ 20 ports 10 Gb \/ 4 ports 28 Gb \/ 2 ports 40 GB \/ double alimentation \/ cloud managed sans abonnement<\/p>\n\n\n\n<figure class=\"wp-block-gallery has-nested-images columns-default is-cropped wp-block-gallery-1 is-layout-flex wp-block-gallery-is-layout-flex\">\n<figure class=\"wp-block-image size-large\"><img loading=\"lazy\" decoding=\"async\" width=\"508\" height=\"204\" data-id=\"354\" src=\"https:\/\/ingeflex.com\/wp-content\/uploads\/2025\/01\/switch2-2.png\" alt=\"\" class=\"wp-image-354\" srcset=\"https:\/\/ingeflex.com\/wp-content\/uploads\/2025\/01\/switch2-2.png 508w, https:\/\/ingeflex.com\/wp-content\/uploads\/2025\/01\/switch2-2-300x120.png 300w\" sizes=\"auto, (max-width: 508px) 100vw, 508px\" \/><\/figure>\n\n\n\n<figure class=\"wp-block-image size-large is-style-default\"><img loading=\"lazy\" decoding=\"async\" width=\"533\" height=\"188\" data-id=\"353\" src=\"https:\/\/ingeflex.com\/wp-content\/uploads\/2025\/01\/switch2-1.png\" alt=\"switch coeur\" class=\"wp-image-353\" srcset=\"https:\/\/ingeflex.com\/wp-content\/uploads\/2025\/01\/switch2-1.png 533w, https:\/\/ingeflex.com\/wp-content\/uploads\/2025\/01\/switch2-1-300x106.png 300w\" sizes=\"auto, (max-width: 533px) 100vw, 533px\" \/><\/figure>\n<\/figure>\n\n\n\n<p><\/p>\n\n\n\n<p><\/p>\n\n\n\n<p>Switch de sous r\u00e9partiteur L3 \/ 8-12-24 48 ports Gb POE+ 4 ports SFP+ \/ cloud managed sans abonnement<\/p>\n\n\n\n<figure class=\"wp-block-image size-full is-resized\"><img loading=\"lazy\" decoding=\"async\" width=\"511\" height=\"216\" src=\"https:\/\/ingeflex.com\/wp-content\/uploads\/2025\/01\/switches1.png\" alt=\"\" class=\"wp-image-352\" style=\"width:389px;height:auto\" srcset=\"https:\/\/ingeflex.com\/wp-content\/uploads\/2025\/01\/switches1.png 511w, https:\/\/ingeflex.com\/wp-content\/uploads\/2025\/01\/switches1-300x127.png 300w\" sizes=\"auto, (max-width: 511px) 100vw, 511px\" \/><\/figure>\n\n\n\n<p><\/p>\n\n\n\n<p><\/p>\n\n\n\n<hr class=\"wp-block-separator has-alpha-channel-opacity\"\/>\n\n\n\n<h3 class=\"wp-block-heading\">\ud83d\udcac <strong>Nous contacter<\/strong><\/h3>\n\n\n\n<p>Un ing\u00e9nieur commercial \u00e0 votre \u00e9coute, quel que soit votre niveau informatique, vous accompagnera pour sur tous vos sujets et sans aucune obligation de votre part.<br>Un seul num\u00e9ro en moins d une minute, le 01 85 83 04 00<br>Vous pouvez \u00e9galement nous joindre au travers de <strong><a href=\"https:\/\/ingeflex.com\/index.php\/contact\/\">notre page contact<\/a><\/strong> ou via le chat en ligne (infobulle bleue en bas a droite)<\/p>\n\n\n\n<p><\/p>\n","protected":false},"excerpt":{"rendered":"<p>Switches c\u0153ur de r\u00e9seau empilable L3 \/ 20 ports 10 Gb \/ 4 ports 28 Gb \/ 2 ports 40 GB \/ double alimentation \/ cloud managed sans abonnement Switch de sous r\u00e9partiteur L3 \/ 8-12-24 48 ports Gb POE+ 4 ports SFP+ \/ cloud managed sans abonnement \ud83d\udcac Nous&#8230;<\/p>\n","protected":false},"author":1,"featured_media":0,"parent":0,"menu_order":0,"comment_status":"closed","ping_status":"closed","template":"","meta":{"footnotes":""},"class_list":["post-351","page","type-page","status-publish","hentry"],"yoast_head":"<!-- This site is optimized with the Yoast SEO plugin v27.6 - https:\/\/yoast.com\/product\/yoast-seo-wordpress\/ -->\n<title>Switches imbattables - INGEFLEX<\/title>\n<meta name=\"description\" content=\"des switches fonctionnalit\u00e9s du moment et tarifs imbattables. garantie 5 ans avec gestion cloud illimit\u00e9e et gratuite.\" \/>\n<meta name=\"robots\" content=\"index, follow, max-snippet:-1, max-image-preview:large, max-video-preview:-1\" \/>\n<link rel=\"canonical\" href=\"https:\/\/ingeflex.com\/index.php\/switches\/\" \/>\n<meta property=\"og:locale\" content=\"fr_FR\" \/>\n<meta property=\"og:type\" content=\"article\" \/>\n<meta property=\"og:title\" content=\"Switches imbattables - INGEFLEX\" \/>\n<meta property=\"og:description\" content=\"des switches fonctionnalit\u00e9s du moment et tarifs imbattables. garantie 5 ans avec gestion cloud illimit\u00e9e et gratuite.\" \/>\n<meta property=\"og:url\" content=\"https:\/\/ingeflex.com\/index.php\/switches\/\" \/>\n<meta property=\"og:site_name\" content=\"INGEFLEX\" \/>\n<meta property=\"article:modified_time\" content=\"2025-11-12T06:49:55+00:00\" \/>\n<meta property=\"og:image\" content=\"https:\/\/ingeflex.com\/wp-content\/uploads\/2025\/01\/switch2-2.png\" \/>\n\t<meta property=\"og:image:width\" content=\"508\" \/>\n\t<meta property=\"og:image:height\" content=\"204\" \/>\n\t<meta property=\"og:image:type\" content=\"image\/png\" \/>\n<meta name=\"twitter:card\" content=\"summary_large_image\" \/>\n<meta name=\"twitter:label1\" content=\"Dur\u00e9e de lecture estim\u00e9e\" \/>\n\t<meta name=\"twitter:data1\" content=\"2 minutes\" \/>\n<script type=\"application\/ld+json\" class=\"yoast-schema-graph\">{\"@context\":\"https:\\\/\\\/schema.org\",\"@graph\":[{\"@type\":\"WebPage\",\"@id\":\"https:\\\/\\\/ingeflex.com\\\/index.php\\\/switches\\\/\",\"url\":\"https:\\\/\\\/ingeflex.com\\\/index.php\\\/switches\\\/\",\"name\":\"Switches imbattables - INGEFLEX\",\"isPartOf\":{\"@id\":\"https:\\\/\\\/ingeflex.com\\\/#website\"},\"primaryImageOfPage\":{\"@id\":\"https:\\\/\\\/ingeflex.com\\\/index.php\\\/switches\\\/#primaryimage\"},\"image\":{\"@id\":\"https:\\\/\\\/ingeflex.com\\\/index.php\\\/switches\\\/#primaryimage\"},\"thumbnailUrl\":\"https:\\\/\\\/ingeflex.com\\\/wp-content\\\/uploads\\\/2025\\\/01\\\/switch2-2.png\",\"datePublished\":\"2025-01-10T15:02:26+00:00\",\"dateModified\":\"2025-11-12T06:49:55+00:00\",\"description\":\"des switches fonctionnalit\u00e9s du moment et tarifs imbattables. garantie 5 ans avec gestion cloud illimit\u00e9e et gratuite.\",\"breadcrumb\":{\"@id\":\"https:\\\/\\\/ingeflex.com\\\/index.php\\\/switches\\\/#breadcrumb\"},\"inLanguage\":\"fr-FR\",\"potentialAction\":[{\"@type\":\"ReadAction\",\"target\":[\"https:\\\/\\\/ingeflex.com\\\/index.php\\\/switches\\\/\"]}]},{\"@type\":\"ImageObject\",\"inLanguage\":\"fr-FR\",\"@id\":\"https:\\\/\\\/ingeflex.com\\\/index.php\\\/switches\\\/#primaryimage\",\"url\":\"https:\\\/\\\/ingeflex.com\\\/wp-content\\\/uploads\\\/2025\\\/01\\\/switch2-2.png\",\"contentUrl\":\"https:\\\/\\\/ingeflex.com\\\/wp-content\\\/uploads\\\/2025\\\/01\\\/switch2-2.png\",\"width\":508,\"height\":204},{\"@type\":\"BreadcrumbList\",\"@id\":\"https:\\\/\\\/ingeflex.com\\\/index.php\\\/switches\\\/#breadcrumb\",\"itemListElement\":[{\"@type\":\"ListItem\",\"position\":1,\"name\":\"Accueil\",\"item\":\"https:\\\/\\\/ingeflex.com\\\/\"},{\"@type\":\"ListItem\",\"position\":2,\"name\":\"Switches imbattables\"}]},{\"@type\":\"WebSite\",\"@id\":\"https:\\\/\\\/ingeflex.com\\\/#website\",\"url\":\"https:\\\/\\\/ingeflex.com\\\/\",\"name\":\"INGEFLEX\",\"description\":\"met en oeuvre votre cr\u00e9ativit\u00e9\",\"publisher\":{\"@id\":\"https:\\\/\\\/ingeflex.com\\\/#organization\"},\"potentialAction\":[{\"@type\":\"SearchAction\",\"target\":{\"@type\":\"EntryPoint\",\"urlTemplate\":\"https:\\\/\\\/ingeflex.com\\\/?s={search_term_string}\"},\"query-input\":{\"@type\":\"PropertyValueSpecification\",\"valueRequired\":true,\"valueName\":\"search_term_string\"}}],\"inLanguage\":\"fr-FR\"},{\"@type\":\"Organization\",\"@id\":\"https:\\\/\\\/ingeflex.com\\\/#organization\",\"name\":\"INGEFLEX\",\"url\":\"https:\\\/\\\/ingeflex.com\\\/\",\"logo\":{\"@type\":\"ImageObject\",\"inLanguage\":\"fr-FR\",\"@id\":\"https:\\\/\\\/ingeflex.com\\\/#\\\/schema\\\/logo\\\/image\\\/\",\"url\":\"https:\\\/\\\/ingeflex.com\\\/wp-content\\\/uploads\\\/2021\\\/07\\\/ing-logosite.png\",\"contentUrl\":\"https:\\\/\\\/ingeflex.com\\\/wp-content\\\/uploads\\\/2021\\\/07\\\/ing-logosite.png\",\"width\":512,\"height\":512,\"caption\":\"INGEFLEX\"},\"image\":{\"@id\":\"https:\\\/\\\/ingeflex.com\\\/#\\\/schema\\\/logo\\\/image\\\/\"}}]}<\/script>\n<!-- \/ Yoast SEO plugin. -->","yoast_head_json":{"title":"Switches imbattables - INGEFLEX","description":"des switches fonctionnalit\u00e9s du moment et tarifs imbattables. garantie 5 ans avec gestion cloud illimit\u00e9e et gratuite.","robots":{"index":"index","follow":"follow","max-snippet":"max-snippet:-1","max-image-preview":"max-image-preview:large","max-video-preview":"max-video-preview:-1"},"canonical":"https:\/\/ingeflex.com\/index.php\/switches\/","og_locale":"fr_FR","og_type":"article","og_title":"Switches imbattables - INGEFLEX","og_description":"des switches fonctionnalit\u00e9s du moment et tarifs imbattables. garantie 5 ans avec gestion cloud illimit\u00e9e et gratuite.","og_url":"https:\/\/ingeflex.com\/index.php\/switches\/","og_site_name":"INGEFLEX","article_modified_time":"2025-11-12T06:49:55+00:00","og_image":[{"width":508,"height":204,"url":"https:\/\/ingeflex.com\/wp-content\/uploads\/2025\/01\/switch2-2.png","type":"image\/png"}],"twitter_card":"summary_large_image","twitter_misc":{"Dur\u00e9e de lecture estim\u00e9e":"2 minutes"},"schema":{"@context":"https:\/\/schema.org","@graph":[{"@type":"WebPage","@id":"https:\/\/ingeflex.com\/index.php\/switches\/","url":"https:\/\/ingeflex.com\/index.php\/switches\/","name":"Switches imbattables - INGEFLEX","isPartOf":{"@id":"https:\/\/ingeflex.com\/#website"},"primaryImageOfPage":{"@id":"https:\/\/ingeflex.com\/index.php\/switches\/#primaryimage"},"image":{"@id":"https:\/\/ingeflex.com\/index.php\/switches\/#primaryimage"},"thumbnailUrl":"https:\/\/ingeflex.com\/wp-content\/uploads\/2025\/01\/switch2-2.png","datePublished":"2025-01-10T15:02:26+00:00","dateModified":"2025-11-12T06:49:55+00:00","description":"des switches fonctionnalit\u00e9s du moment et tarifs imbattables. garantie 5 ans avec gestion cloud illimit\u00e9e et gratuite.","breadcrumb":{"@id":"https:\/\/ingeflex.com\/index.php\/switches\/#breadcrumb"},"inLanguage":"fr-FR","potentialAction":[{"@type":"ReadAction","target":["https:\/\/ingeflex.com\/index.php\/switches\/"]}]},{"@type":"ImageObject","inLanguage":"fr-FR","@id":"https:\/\/ingeflex.com\/index.php\/switches\/#primaryimage","url":"https:\/\/ingeflex.com\/wp-content\/uploads\/2025\/01\/switch2-2.png","contentUrl":"https:\/\/ingeflex.com\/wp-content\/uploads\/2025\/01\/switch2-2.png","width":508,"height":204},{"@type":"BreadcrumbList","@id":"https:\/\/ingeflex.com\/index.php\/switches\/#breadcrumb","itemListElement":[{"@type":"ListItem","position":1,"name":"Accueil","item":"https:\/\/ingeflex.com\/"},{"@type":"ListItem","position":2,"name":"Switches imbattables"}]},{"@type":"WebSite","@id":"https:\/\/ingeflex.com\/#website","url":"https:\/\/ingeflex.com\/","name":"INGEFLEX","description":"met en oeuvre votre cr\u00e9ativit\u00e9","publisher":{"@id":"https:\/\/ingeflex.com\/#organization"},"potentialAction":[{"@type":"SearchAction","target":{"@type":"EntryPoint","urlTemplate":"https:\/\/ingeflex.com\/?s={search_term_string}"},"query-input":{"@type":"PropertyValueSpecification","valueRequired":true,"valueName":"search_term_string"}}],"inLanguage":"fr-FR"},{"@type":"Organization","@id":"https:\/\/ingeflex.com\/#organization","name":"INGEFLEX","url":"https:\/\/ingeflex.com\/","logo":{"@type":"ImageObject","inLanguage":"fr-FR","@id":"https:\/\/ingeflex.com\/#\/schema\/logo\/image\/","url":"https:\/\/ingeflex.com\/wp-content\/uploads\/2021\/07\/ing-logosite.png","contentUrl":"https:\/\/ingeflex.com\/wp-content\/uploads\/2021\/07\/ing-logosite.png","width":512,"height":512,"caption":"INGEFLEX"},"image":{"@id":"https:\/\/ingeflex.com\/#\/schema\/logo\/image\/"}}]}},"_links":{"self":[{"href":"https:\/\/ingeflex.com\/index.php\/wp-json\/wp\/v2\/pages\/351","targetHints":{"allow":["GET"]}}],"collection":[{"href":"https:\/\/ingeflex.com\/index.php\/wp-json\/wp\/v2\/pages"}],"about":[{"href":"https:\/\/ingeflex.com\/index.php\/wp-json\/wp\/v2\/types\/page"}],"author":[{"embeddable":true,"href":"https:\/\/ingeflex.com\/index.php\/wp-json\/wp\/v2\/users\/1"}],"replies":[{"embeddable":true,"href":"https:\/\/ingeflex.com\/index.php\/wp-json\/wp\/v2\/comments?post=351"}],"version-history":[{"count":9,"href":"https:\/\/ingeflex.com\/index.php\/wp-json\/wp\/v2\/pages\/351\/revisions"}],"predecessor-version":[{"id":569,"href":"https:\/\/ingeflex.com\/index.php\/wp-json\/wp\/v2\/pages\/351\/revisions\/569"}],"wp:attachment":[{"href":"https:\/\/ingeflex.com\/index.php\/wp-json\/wp\/v2\/media?parent=351"}],"curies":[{"name":"wp","href":"https:\/\/api.w.org\/{rel}","templated":true}]}}