{"id":416,"date":"2025-09-15T17:53:44","date_gmt":"2025-09-15T15:53:44","guid":{"rendered":"https:\/\/ingeflex.com\/?page_id=416"},"modified":"2026-04-01T06:51:37","modified_gmt":"2026-04-01T04:51:37","slug":"infrastructure-secured-by-design","status":"publish","type":"page","link":"https:\/\/ingeflex.com\/index.php\/infrastructure-secured-by-design\/","title":{"rendered":"Infrastructure Secured by Design"},"content":{"rendered":"\n<p>Nous vous accompagnons vers une infrastructure secured by design. C&rsquo;est une approche fondamentale qui int\u00e8gre la s\u00e9curit\u00e9 d\u00e8s les premi\u00e8res \u00e9tapes de la conception et du d\u00e9veloppement d&rsquo;un syst\u00e8me informatique, garantissant ainsi une r\u00e9silience intrins\u00e8que aux menaces.&nbsp;Cette philosophie vise \u00e0 construire des syst\u00e8mes robustes et r\u00e9silients en anticipant les risques et en minimisant les vuln\u00e9rabilit\u00e9s d\u00e8s la phase de planification, plut\u00f4t que de les corriger apr\u00e8s coup.<br>Elle repose sur des principes cl\u00e9s tels que :<\/p>\n\n\n\n<ul class=\"wp-block-list\">\n<li>La r\u00e9duction de la surface d&rsquo;attaque<\/li>\n\n\n\n<li>Le principe du moindre privil\u00e8ge<\/li>\n\n\n\n<li>La d\u00e9fense en profondeur et la s\u00e9curit\u00e9 comme une contrainte de conception \u00e9gale \u00e0 la performance, \u00e0 l&rsquo;utilisabilit\u00e9 et au co\u00fbt.<\/li>\n<\/ul>\n\n\n\n<p>L&rsquo;objectif est de concevoir une architecture qui soit suffisamment robuste pour emp\u00eacher toute violation, en int\u00e9grant des m\u00e9canismes de d\u00e9fense multicouches, comme la segmentation r\u00e9seau et la gestion granulaire des acc\u00e8s, afin que toute compromission localis\u00e9e ne puisse se propager.&nbsp;Cette approche est devenue essentielle face aux cybermenaces \u00e9volu\u00e9es, notamment les attaques par la cha\u00eene d&rsquo;approvisionnement, et est d\u00e9sormais encourag\u00e9e par des normes internationales comme l&rsquo;ISO\/IEC 27000, ETSI TS 103 645 pour les objets connect\u00e9s, et des r\u00e9glementations telles que le Cyber Resilience Act de l&rsquo;Union europ\u00e9enne.<\/p>\n\n\n\n<hr class=\"wp-block-separator has-alpha-channel-opacity\"\/>\n\n\n\n<h3 class=\"wp-block-heading\">\ud83d\udcac <strong>Nous contacter<\/strong><\/h3>\n\n\n\n<p>Un ing\u00e9nieur commercial \u00e0 votre \u00e9coute, quel que soit votre niveau informatique, vous accompagnera pour sur tous vos sujets et sans aucune obligation de votre part.<br>Un seul num\u00e9ro en moins d une minute, le 01 85 83 04 00 ou via le chat en ligne (infobulle bleue en bas a droite)<\/p>\n\n\n\n<div class=\"wp-block-buttons is-layout-flex wp-block-buttons-is-layout-flex\">\n<div class=\"wp-block-button\"><a class=\"wp-block-button__link wp-element-button\" href=\"https:\/\/ingeflex.com\/index.php\/contact\/\">\ud83d\udc49 Contactez nous<\/a><\/div>\n<\/div>\n","protected":false},"excerpt":{"rendered":"<p>Nous vous accompagnons vers une infrastructure secured by design. C&rsquo;est une approche fondamentale qui int\u00e8gre la s\u00e9curit\u00e9 d\u00e8s les premi\u00e8res \u00e9tapes de la conception et du d\u00e9veloppement d&rsquo;un syst\u00e8me informatique, garantissant ainsi une r\u00e9silience intrins\u00e8que aux menaces.&nbsp;Cette philosophie vise \u00e0 construire des syst\u00e8mes robustes et r\u00e9silients en anticipant les risques&#8230;<\/p>\n","protected":false},"author":1,"featured_media":0,"parent":0,"menu_order":0,"comment_status":"closed","ping_status":"closed","template":"","meta":{"footnotes":""},"class_list":["post-416","page","type-page","status-publish","hentry"],"yoast_head":"<!-- This site is optimized with the Yoast SEO plugin v27.5 - https:\/\/yoast.com\/product\/yoast-seo-wordpress\/ -->\n<title>Infrastructure Secured by Design - INGEFLEX<\/title>\n<meta name=\"description\" content=\"Segmentation r\u00e9seau, mise en place des bonnes pratiques, audit et contr\u00f4le des risques pour \u00e9lever la r\u00e9silience de votre entreprise\" \/>\n<meta name=\"robots\" content=\"index, follow, max-snippet:-1, max-image-preview:large, max-video-preview:-1\" \/>\n<link rel=\"canonical\" href=\"https:\/\/ingeflex.com\/index.php\/infrastructure-secured-by-design\/\" \/>\n<meta property=\"og:locale\" content=\"fr_FR\" \/>\n<meta property=\"og:type\" content=\"article\" \/>\n<meta property=\"og:title\" content=\"Infrastructure Secured by Design - INGEFLEX\" \/>\n<meta property=\"og:description\" content=\"Segmentation r\u00e9seau, mise en place des bonnes pratiques, audit et contr\u00f4le des risques pour \u00e9lever la r\u00e9silience de votre entreprise\" \/>\n<meta property=\"og:url\" content=\"https:\/\/ingeflex.com\/index.php\/infrastructure-secured-by-design\/\" \/>\n<meta property=\"og:site_name\" content=\"INGEFLEX\" \/>\n<meta property=\"article:modified_time\" content=\"2026-04-01T04:51:37+00:00\" \/>\n<meta name=\"twitter:card\" content=\"summary_large_image\" \/>\n<meta name=\"twitter:label1\" content=\"Dur\u00e9e de lecture estim\u00e9e\" \/>\n\t<meta name=\"twitter:data1\" content=\"2 minutes\" \/>\n<script type=\"application\/ld+json\" class=\"yoast-schema-graph\">{\"@context\":\"https:\\\/\\\/schema.org\",\"@graph\":[{\"@type\":\"WebPage\",\"@id\":\"https:\\\/\\\/ingeflex.com\\\/index.php\\\/infrastructure-secured-by-design\\\/\",\"url\":\"https:\\\/\\\/ingeflex.com\\\/index.php\\\/infrastructure-secured-by-design\\\/\",\"name\":\"Infrastructure Secured by Design - INGEFLEX\",\"isPartOf\":{\"@id\":\"https:\\\/\\\/ingeflex.com\\\/#website\"},\"datePublished\":\"2025-09-15T15:53:44+00:00\",\"dateModified\":\"2026-04-01T04:51:37+00:00\",\"description\":\"Segmentation r\u00e9seau, mise en place des bonnes pratiques, audit et contr\u00f4le des risques pour \u00e9lever la r\u00e9silience de votre entreprise\",\"breadcrumb\":{\"@id\":\"https:\\\/\\\/ingeflex.com\\\/index.php\\\/infrastructure-secured-by-design\\\/#breadcrumb\"},\"inLanguage\":\"fr-FR\",\"potentialAction\":[{\"@type\":\"ReadAction\",\"target\":[\"https:\\\/\\\/ingeflex.com\\\/index.php\\\/infrastructure-secured-by-design\\\/\"]}]},{\"@type\":\"BreadcrumbList\",\"@id\":\"https:\\\/\\\/ingeflex.com\\\/index.php\\\/infrastructure-secured-by-design\\\/#breadcrumb\",\"itemListElement\":[{\"@type\":\"ListItem\",\"position\":1,\"name\":\"Accueil\",\"item\":\"https:\\\/\\\/ingeflex.com\\\/\"},{\"@type\":\"ListItem\",\"position\":2,\"name\":\"Infrastructure Secured by Design\"}]},{\"@type\":\"WebSite\",\"@id\":\"https:\\\/\\\/ingeflex.com\\\/#website\",\"url\":\"https:\\\/\\\/ingeflex.com\\\/\",\"name\":\"INGEFLEX\",\"description\":\"met en oeuvre votre cr\u00e9ativit\u00e9\",\"publisher\":{\"@id\":\"https:\\\/\\\/ingeflex.com\\\/#organization\"},\"potentialAction\":[{\"@type\":\"SearchAction\",\"target\":{\"@type\":\"EntryPoint\",\"urlTemplate\":\"https:\\\/\\\/ingeflex.com\\\/?s={search_term_string}\"},\"query-input\":{\"@type\":\"PropertyValueSpecification\",\"valueRequired\":true,\"valueName\":\"search_term_string\"}}],\"inLanguage\":\"fr-FR\"},{\"@type\":\"Organization\",\"@id\":\"https:\\\/\\\/ingeflex.com\\\/#organization\",\"name\":\"INGEFLEX\",\"url\":\"https:\\\/\\\/ingeflex.com\\\/\",\"logo\":{\"@type\":\"ImageObject\",\"inLanguage\":\"fr-FR\",\"@id\":\"https:\\\/\\\/ingeflex.com\\\/#\\\/schema\\\/logo\\\/image\\\/\",\"url\":\"https:\\\/\\\/ingeflex.com\\\/wp-content\\\/uploads\\\/2021\\\/07\\\/ing-logosite.png\",\"contentUrl\":\"https:\\\/\\\/ingeflex.com\\\/wp-content\\\/uploads\\\/2021\\\/07\\\/ing-logosite.png\",\"width\":512,\"height\":512,\"caption\":\"INGEFLEX\"},\"image\":{\"@id\":\"https:\\\/\\\/ingeflex.com\\\/#\\\/schema\\\/logo\\\/image\\\/\"}}]}<\/script>\n<!-- \/ Yoast SEO plugin. -->","yoast_head_json":{"title":"Infrastructure Secured by Design - INGEFLEX","description":"Segmentation r\u00e9seau, mise en place des bonnes pratiques, audit et contr\u00f4le des risques pour \u00e9lever la r\u00e9silience de votre entreprise","robots":{"index":"index","follow":"follow","max-snippet":"max-snippet:-1","max-image-preview":"max-image-preview:large","max-video-preview":"max-video-preview:-1"},"canonical":"https:\/\/ingeflex.com\/index.php\/infrastructure-secured-by-design\/","og_locale":"fr_FR","og_type":"article","og_title":"Infrastructure Secured by Design - INGEFLEX","og_description":"Segmentation r\u00e9seau, mise en place des bonnes pratiques, audit et contr\u00f4le des risques pour \u00e9lever la r\u00e9silience de votre entreprise","og_url":"https:\/\/ingeflex.com\/index.php\/infrastructure-secured-by-design\/","og_site_name":"INGEFLEX","article_modified_time":"2026-04-01T04:51:37+00:00","twitter_card":"summary_large_image","twitter_misc":{"Dur\u00e9e de lecture estim\u00e9e":"2 minutes"},"schema":{"@context":"https:\/\/schema.org","@graph":[{"@type":"WebPage","@id":"https:\/\/ingeflex.com\/index.php\/infrastructure-secured-by-design\/","url":"https:\/\/ingeflex.com\/index.php\/infrastructure-secured-by-design\/","name":"Infrastructure Secured by Design - INGEFLEX","isPartOf":{"@id":"https:\/\/ingeflex.com\/#website"},"datePublished":"2025-09-15T15:53:44+00:00","dateModified":"2026-04-01T04:51:37+00:00","description":"Segmentation r\u00e9seau, mise en place des bonnes pratiques, audit et contr\u00f4le des risques pour \u00e9lever la r\u00e9silience de votre entreprise","breadcrumb":{"@id":"https:\/\/ingeflex.com\/index.php\/infrastructure-secured-by-design\/#breadcrumb"},"inLanguage":"fr-FR","potentialAction":[{"@type":"ReadAction","target":["https:\/\/ingeflex.com\/index.php\/infrastructure-secured-by-design\/"]}]},{"@type":"BreadcrumbList","@id":"https:\/\/ingeflex.com\/index.php\/infrastructure-secured-by-design\/#breadcrumb","itemListElement":[{"@type":"ListItem","position":1,"name":"Accueil","item":"https:\/\/ingeflex.com\/"},{"@type":"ListItem","position":2,"name":"Infrastructure Secured by Design"}]},{"@type":"WebSite","@id":"https:\/\/ingeflex.com\/#website","url":"https:\/\/ingeflex.com\/","name":"INGEFLEX","description":"met en oeuvre votre cr\u00e9ativit\u00e9","publisher":{"@id":"https:\/\/ingeflex.com\/#organization"},"potentialAction":[{"@type":"SearchAction","target":{"@type":"EntryPoint","urlTemplate":"https:\/\/ingeflex.com\/?s={search_term_string}"},"query-input":{"@type":"PropertyValueSpecification","valueRequired":true,"valueName":"search_term_string"}}],"inLanguage":"fr-FR"},{"@type":"Organization","@id":"https:\/\/ingeflex.com\/#organization","name":"INGEFLEX","url":"https:\/\/ingeflex.com\/","logo":{"@type":"ImageObject","inLanguage":"fr-FR","@id":"https:\/\/ingeflex.com\/#\/schema\/logo\/image\/","url":"https:\/\/ingeflex.com\/wp-content\/uploads\/2021\/07\/ing-logosite.png","contentUrl":"https:\/\/ingeflex.com\/wp-content\/uploads\/2021\/07\/ing-logosite.png","width":512,"height":512,"caption":"INGEFLEX"},"image":{"@id":"https:\/\/ingeflex.com\/#\/schema\/logo\/image\/"}}]}},"_links":{"self":[{"href":"https:\/\/ingeflex.com\/index.php\/wp-json\/wp\/v2\/pages\/416","targetHints":{"allow":["GET"]}}],"collection":[{"href":"https:\/\/ingeflex.com\/index.php\/wp-json\/wp\/v2\/pages"}],"about":[{"href":"https:\/\/ingeflex.com\/index.php\/wp-json\/wp\/v2\/types\/page"}],"author":[{"embeddable":true,"href":"https:\/\/ingeflex.com\/index.php\/wp-json\/wp\/v2\/users\/1"}],"replies":[{"embeddable":true,"href":"https:\/\/ingeflex.com\/index.php\/wp-json\/wp\/v2\/comments?post=416"}],"version-history":[{"count":6,"href":"https:\/\/ingeflex.com\/index.php\/wp-json\/wp\/v2\/pages\/416\/revisions"}],"predecessor-version":[{"id":773,"href":"https:\/\/ingeflex.com\/index.php\/wp-json\/wp\/v2\/pages\/416\/revisions\/773"}],"wp:attachment":[{"href":"https:\/\/ingeflex.com\/index.php\/wp-json\/wp\/v2\/media?parent=416"}],"curies":[{"name":"wp","href":"https:\/\/api.w.org\/{rel}","templated":true}]}}