{"id":42,"date":"2021-07-21T14:27:53","date_gmt":"2021-07-21T12:27:53","guid":{"rendered":"http:\/\/ingeflex.com\/?page_id=42"},"modified":"2026-04-01T05:51:33","modified_gmt":"2026-04-01T03:51:33","slug":"politique-commerciale","status":"publish","type":"page","link":"https:\/\/ingeflex.com\/index.php\/politique-commerciale\/","title":{"rendered":"Offre commerciale"},"content":{"rendered":"\n<p>Nous vous accompagnons dans les d\u00e9cisions d\u2019acquisitions de mat\u00e9riel et logiciels.<br>Notre connaissance des diff\u00e9rents mat\u00e9riels et des performances associ\u00e9es vous garantissent le bon choix et l\u2019investissement le plus pertinent selon la taille de votre projet et sa dur\u00e9e.<\/p>\n\n\n\n<p>Nous travaillons avec les plus grandes marques afin de vous garantir des services de qualit\u00e9 et les d\u00e9lais de remise en service les plus courts en cas d\u2019incident.<\/p>\n\n\n\n<p>Nous proposons toujours des solutions \u00e9volutives au rapport qualit\u00e9 prix r\u00e9fl\u00e9chi. Nos commerciaux sont toujours sur le qui-vive afin de vous satisfaire.<\/p>\n\n\n\n<p>Un suivi technique avant-vente est int\u00e9gr\u00e9 sur chaque demande, le besoin est donc syst\u00e9matiquement qualifi\u00e9 et la satisfaction au rendez-vous.<\/p>\n\n\n\n<p>De plus en plus nous observons une convergence des solutions techniques (camera de surveillance, gestion d\u2019acc\u00e8s physique, wifi mesh, objets connect\u00e9s, salles de conferences).<br>Nous vous proposons donc des visions globales afin de r\u00e9duire le TCO et proposer des alternatives solides et \u00e9conomiques.<\/p>\n\n\n\n<p>Le contexte \u00e9conomique, parfois difficile, nous am\u00e8ne \u00e0 vous accompagner aupr\u00e8s de partenaires de solutions de financement.<\/p>\n\n\n\n<div class=\"wp-block-buttons is-layout-flex wp-block-buttons-is-layout-flex\">\n<div class=\"wp-block-button\"><a class=\"wp-block-button__link wp-element-button\" href=\"https:\/\/ingeflex.com\/index.php\/contact\/\">\ud83d\udc49 Contactez nous<\/a><\/div>\n<\/div>\n","protected":false},"excerpt":{"rendered":"<p>Nous vous accompagnons dans les d\u00e9cisions d\u2019acquisitions de mat\u00e9riel et logiciels.Notre connaissance des diff\u00e9rents mat\u00e9riels et des performances associ\u00e9es vous garantissent le bon choix et l\u2019investissement le plus pertinent selon la taille de votre projet et sa dur\u00e9e. Nous travaillons avec les plus grandes marques afin de vous garantir des&#8230;<\/p>\n","protected":false},"author":1,"featured_media":0,"parent":0,"menu_order":0,"comment_status":"closed","ping_status":"closed","template":"","meta":{"footnotes":""},"class_list":["post-42","page","type-page","status-publish","hentry"],"yoast_head":"<!-- This site is optimized with the Yoast SEO plugin v27.5 - https:\/\/yoast.com\/product\/yoast-seo-wordpress\/ -->\n<title>Offre commerciale - INGEFLEX<\/title>\n<meta name=\"description\" content=\"Une analyse technique avant vente syst\u00e9matique des propositions pour la qualification de projet. On vous accompagne, c est mieux !\" \/>\n<meta name=\"robots\" content=\"index, follow, max-snippet:-1, max-image-preview:large, max-video-preview:-1\" \/>\n<link rel=\"canonical\" href=\"https:\/\/ingeflex.com\/index.php\/politique-commerciale\/\" \/>\n<meta property=\"og:locale\" content=\"fr_FR\" \/>\n<meta property=\"og:type\" content=\"article\" \/>\n<meta property=\"og:title\" content=\"Offre commerciale - INGEFLEX\" \/>\n<meta property=\"og:description\" content=\"Une analyse technique avant vente syst\u00e9matique des propositions pour la qualification de projet. On vous accompagne, c est mieux !\" \/>\n<meta property=\"og:url\" content=\"https:\/\/ingeflex.com\/index.php\/politique-commerciale\/\" \/>\n<meta property=\"og:site_name\" content=\"INGEFLEX\" \/>\n<meta property=\"article:modified_time\" content=\"2026-04-01T03:51:33+00:00\" \/>\n<meta name=\"twitter:card\" content=\"summary_large_image\" \/>\n<meta name=\"twitter:label1\" content=\"Dur\u00e9e de lecture estim\u00e9e\" \/>\n\t<meta name=\"twitter:data1\" content=\"1 minute\" \/>\n<script type=\"application\/ld+json\" class=\"yoast-schema-graph\">{\"@context\":\"https:\\\/\\\/schema.org\",\"@graph\":[{\"@type\":\"WebPage\",\"@id\":\"https:\\\/\\\/ingeflex.com\\\/index.php\\\/politique-commerciale\\\/\",\"url\":\"https:\\\/\\\/ingeflex.com\\\/index.php\\\/politique-commerciale\\\/\",\"name\":\"Offre commerciale - INGEFLEX\",\"isPartOf\":{\"@id\":\"https:\\\/\\\/ingeflex.com\\\/#website\"},\"datePublished\":\"2021-07-21T12:27:53+00:00\",\"dateModified\":\"2026-04-01T03:51:33+00:00\",\"description\":\"Une analyse technique avant vente syst\u00e9matique des propositions pour la qualification de projet. On vous accompagne, c est mieux !\",\"breadcrumb\":{\"@id\":\"https:\\\/\\\/ingeflex.com\\\/index.php\\\/politique-commerciale\\\/#breadcrumb\"},\"inLanguage\":\"fr-FR\",\"potentialAction\":[{\"@type\":\"ReadAction\",\"target\":[\"https:\\\/\\\/ingeflex.com\\\/index.php\\\/politique-commerciale\\\/\"]}]},{\"@type\":\"BreadcrumbList\",\"@id\":\"https:\\\/\\\/ingeflex.com\\\/index.php\\\/politique-commerciale\\\/#breadcrumb\",\"itemListElement\":[{\"@type\":\"ListItem\",\"position\":1,\"name\":\"Accueil\",\"item\":\"https:\\\/\\\/ingeflex.com\\\/\"},{\"@type\":\"ListItem\",\"position\":2,\"name\":\"Offre commerciale\"}]},{\"@type\":\"WebSite\",\"@id\":\"https:\\\/\\\/ingeflex.com\\\/#website\",\"url\":\"https:\\\/\\\/ingeflex.com\\\/\",\"name\":\"INGEFLEX\",\"description\":\"met en oeuvre votre cr\u00e9ativit\u00e9\",\"publisher\":{\"@id\":\"https:\\\/\\\/ingeflex.com\\\/#organization\"},\"potentialAction\":[{\"@type\":\"SearchAction\",\"target\":{\"@type\":\"EntryPoint\",\"urlTemplate\":\"https:\\\/\\\/ingeflex.com\\\/?s={search_term_string}\"},\"query-input\":{\"@type\":\"PropertyValueSpecification\",\"valueRequired\":true,\"valueName\":\"search_term_string\"}}],\"inLanguage\":\"fr-FR\"},{\"@type\":\"Organization\",\"@id\":\"https:\\\/\\\/ingeflex.com\\\/#organization\",\"name\":\"INGEFLEX\",\"url\":\"https:\\\/\\\/ingeflex.com\\\/\",\"logo\":{\"@type\":\"ImageObject\",\"inLanguage\":\"fr-FR\",\"@id\":\"https:\\\/\\\/ingeflex.com\\\/#\\\/schema\\\/logo\\\/image\\\/\",\"url\":\"https:\\\/\\\/ingeflex.com\\\/wp-content\\\/uploads\\\/2021\\\/07\\\/ing-logosite.png\",\"contentUrl\":\"https:\\\/\\\/ingeflex.com\\\/wp-content\\\/uploads\\\/2021\\\/07\\\/ing-logosite.png\",\"width\":512,\"height\":512,\"caption\":\"INGEFLEX\"},\"image\":{\"@id\":\"https:\\\/\\\/ingeflex.com\\\/#\\\/schema\\\/logo\\\/image\\\/\"}}]}<\/script>\n<!-- \/ Yoast SEO plugin. -->","yoast_head_json":{"title":"Offre commerciale - INGEFLEX","description":"Une analyse technique avant vente syst\u00e9matique des propositions pour la qualification de projet. On vous accompagne, c est mieux !","robots":{"index":"index","follow":"follow","max-snippet":"max-snippet:-1","max-image-preview":"max-image-preview:large","max-video-preview":"max-video-preview:-1"},"canonical":"https:\/\/ingeflex.com\/index.php\/politique-commerciale\/","og_locale":"fr_FR","og_type":"article","og_title":"Offre commerciale - INGEFLEX","og_description":"Une analyse technique avant vente syst\u00e9matique des propositions pour la qualification de projet. On vous accompagne, c est mieux !","og_url":"https:\/\/ingeflex.com\/index.php\/politique-commerciale\/","og_site_name":"INGEFLEX","article_modified_time":"2026-04-01T03:51:33+00:00","twitter_card":"summary_large_image","twitter_misc":{"Dur\u00e9e de lecture estim\u00e9e":"1 minute"},"schema":{"@context":"https:\/\/schema.org","@graph":[{"@type":"WebPage","@id":"https:\/\/ingeflex.com\/index.php\/politique-commerciale\/","url":"https:\/\/ingeflex.com\/index.php\/politique-commerciale\/","name":"Offre commerciale - INGEFLEX","isPartOf":{"@id":"https:\/\/ingeflex.com\/#website"},"datePublished":"2021-07-21T12:27:53+00:00","dateModified":"2026-04-01T03:51:33+00:00","description":"Une analyse technique avant vente syst\u00e9matique des propositions pour la qualification de projet. On vous accompagne, c est mieux !","breadcrumb":{"@id":"https:\/\/ingeflex.com\/index.php\/politique-commerciale\/#breadcrumb"},"inLanguage":"fr-FR","potentialAction":[{"@type":"ReadAction","target":["https:\/\/ingeflex.com\/index.php\/politique-commerciale\/"]}]},{"@type":"BreadcrumbList","@id":"https:\/\/ingeflex.com\/index.php\/politique-commerciale\/#breadcrumb","itemListElement":[{"@type":"ListItem","position":1,"name":"Accueil","item":"https:\/\/ingeflex.com\/"},{"@type":"ListItem","position":2,"name":"Offre commerciale"}]},{"@type":"WebSite","@id":"https:\/\/ingeflex.com\/#website","url":"https:\/\/ingeflex.com\/","name":"INGEFLEX","description":"met en oeuvre votre cr\u00e9ativit\u00e9","publisher":{"@id":"https:\/\/ingeflex.com\/#organization"},"potentialAction":[{"@type":"SearchAction","target":{"@type":"EntryPoint","urlTemplate":"https:\/\/ingeflex.com\/?s={search_term_string}"},"query-input":{"@type":"PropertyValueSpecification","valueRequired":true,"valueName":"search_term_string"}}],"inLanguage":"fr-FR"},{"@type":"Organization","@id":"https:\/\/ingeflex.com\/#organization","name":"INGEFLEX","url":"https:\/\/ingeflex.com\/","logo":{"@type":"ImageObject","inLanguage":"fr-FR","@id":"https:\/\/ingeflex.com\/#\/schema\/logo\/image\/","url":"https:\/\/ingeflex.com\/wp-content\/uploads\/2021\/07\/ing-logosite.png","contentUrl":"https:\/\/ingeflex.com\/wp-content\/uploads\/2021\/07\/ing-logosite.png","width":512,"height":512,"caption":"INGEFLEX"},"image":{"@id":"https:\/\/ingeflex.com\/#\/schema\/logo\/image\/"}}]}},"_links":{"self":[{"href":"https:\/\/ingeflex.com\/index.php\/wp-json\/wp\/v2\/pages\/42","targetHints":{"allow":["GET"]}}],"collection":[{"href":"https:\/\/ingeflex.com\/index.php\/wp-json\/wp\/v2\/pages"}],"about":[{"href":"https:\/\/ingeflex.com\/index.php\/wp-json\/wp\/v2\/types\/page"}],"author":[{"embeddable":true,"href":"https:\/\/ingeflex.com\/index.php\/wp-json\/wp\/v2\/users\/1"}],"replies":[{"embeddable":true,"href":"https:\/\/ingeflex.com\/index.php\/wp-json\/wp\/v2\/comments?post=42"}],"version-history":[{"count":10,"href":"https:\/\/ingeflex.com\/index.php\/wp-json\/wp\/v2\/pages\/42\/revisions"}],"predecessor-version":[{"id":735,"href":"https:\/\/ingeflex.com\/index.php\/wp-json\/wp\/v2\/pages\/42\/revisions\/735"}],"wp:attachment":[{"href":"https:\/\/ingeflex.com\/index.php\/wp-json\/wp\/v2\/media?parent=42"}],"curies":[{"name":"wp","href":"https:\/\/api.w.org\/{rel}","templated":true}]}}