{"id":7,"date":"2021-07-21T12:44:37","date_gmt":"2021-07-21T10:44:37","guid":{"rendered":"http:\/\/ingeflex.com\/?page_id=7"},"modified":"2026-04-07T15:32:25","modified_gmt":"2026-04-07T13:32:25","slug":"depannage-et-services-informatiques-montigny-le-bretonneux-cybersecurite-reseau-wifi-cablage-camera-serveurs-reparation-optimisation-audit-conseil-teletravail-clonage-antivirus-firewall-assistance","status":"publish","type":"page","link":"https:\/\/ingeflex.com\/","title":{"rendered":"S\u00e9curisez et optimisez votre infrastructure IT"},"content":{"rendered":"\n<p class=\"has-medium-font-size\"> INGEFLEX accompagne les PME et ETI dans la gestion, la s\u00e9curisation et l\u2019optimisation de leur syst\u00e8me d\u2019information.<br>Notre objectif : garantir la performance, la continuit\u00e9 et la s\u00e9curit\u00e9 de votre infrastructure.<br> <br> <\/p>\n\n\n\n<h2 class=\"wp-block-heading\">PROBL\u00c9MATIQUES CLIENT<\/h2>\n\n\n\n<p> <br> <\/p>\n\n\n\n<h3 class=\"wp-block-heading\">Votre syst\u00e8me informatique vous freine ?<\/h3>\n\n\n\n<div class=\"wp-block-group\"><div class=\"wp-block-group__inner-container is-layout-constrained wp-block-group-is-layout-constrained\">\n<div class=\"wp-block-group\"><div class=\"wp-block-group__inner-container is-layout-constrained wp-block-group-is-layout-constrained\">\n<div class=\"wp-block-group has-small-font-size\"><div class=\"wp-block-group__inner-container is-layout-constrained wp-block-group-is-layout-constrained\">\n<div class=\"wp-block-group has-medium-font-size\"><div class=\"wp-block-group__inner-container is-layout-constrained wp-block-group-is-layout-constrained\">\n<div class=\"wp-block-group has-medium-font-size\"><div class=\"wp-block-group__inner-container is-layout-constrained wp-block-group-is-layout-constrained\">\n<div class=\"wp-block-group has-medium-font-size\"><div class=\"wp-block-group__inner-container is-layout-constrained wp-block-group-is-layout-constrained\">\n<p class=\"has-medium-font-size\">Aujourd\u2019hui, de nombreuses entreprises rencontrent des difficult\u00e9s \u00e0 maintenir une infrastructure fiable et s\u00e9curis\u00e9e :<\/p>\n\n\n\n<ul class=\"wp-block-list\">\n<li class=\"has-medium-font-size\">Pannes r\u00e9seau ou lenteurs impactant la productivit\u00e9<\/li>\n\n\n\n<li class=\"has-medium-font-size\">Risques de cyberattaques ou de ransomware<\/li>\n\n\n\n<li class=\"has-medium-font-size\">Manque de visibilit\u00e9 sur l\u2019\u00e9tat du syst\u00e8me<\/li>\n\n\n\n<li class=\"has-medium-font-size\">Difficult\u00e9 \u00e0 g\u00e9rer plusieurs sites ou environnements<\/li>\n\n\n\n<li class=\"has-medium-font-size\">Absence de supervision et d\u2019anticipation des incidents<\/li>\n<\/ul>\n<\/div><\/div>\n<\/div><\/div>\n<\/div><\/div>\n\n\n\n<p class=\"has-medium-font-size\"><strong>Conclusion :<\/strong><br>\ud83d\udc49 Un syst\u00e8me informatique mal ma\u00eetris\u00e9 devient un risque pour votre activit\u00e9.<\/p>\n<\/div><\/div>\n<\/div><\/div>\n<\/div><\/div>\n\n\n\n<p> <br> <\/p>\n\n\n\n<h2 class=\"wp-block-heading\">NOTRE SOLUTION<\/h2>\n\n\n\n<p> <br> <\/p>\n\n\n\n<h3 class=\"wp-block-heading\">Transformez votre IT en levier de performance<\/h3>\n\n\n\n<div class=\"wp-block-group has-medium-font-size\"><div class=\"wp-block-group__inner-container is-layout-constrained wp-block-group-is-layout-constrained\">\n<div class=\"wp-block-group has-small-font-size\"><div class=\"wp-block-group__inner-container is-layout-constrained wp-block-group-is-layout-constrained\">\n<div class=\"wp-block-group has-medium-font-size\"><div class=\"wp-block-group__inner-container is-layout-constrained wp-block-group-is-layout-constrained\">\n<p>INGEFLEX vous propose une approche globale pour reprendre le contr\u00f4le de votre infrastructure :<\/p>\n\n\n\n<ul class=\"wp-block-list\">\n<li>\ud83d\udd10 <strong>Cybers\u00e9curit\u00e9<\/strong> : protection et audit de vos syst\u00e8mes<\/li>\n\n\n\n<li>\ud83c\udf10 <strong>R\u00e9seau<\/strong> : conception et optimisation d\u2019architectures performantes<\/li>\n\n\n\n<li>\ud83d\udda5\ufe0f <strong>Infog\u00e9rance<\/strong> : gestion et supervision continue<\/li>\n\n\n\n<li>\u2601\ufe0f <strong>Cloud<\/strong> : modernisation et flexibilit\u00e9 de votre IT<\/li>\n<\/ul>\n<\/div><\/div>\n\n\n\n<p class=\"has-medium-font-size\"><strong>Conclusion :<\/strong><br>\ud83d\udc49 Un interlocuteur unique pour piloter votre syst\u00e8me d\u2019information.<\/p>\n<\/div><\/div>\n<\/div><\/div>\n\n\n\n<p> <br> <\/p>\n\n\n\n<h2 class=\"wp-block-heading\">POURQUOI NOUS CHOISIR<\/h2>\n\n\n\n<p> <br> <\/p>\n\n\n\n<h3 class=\"wp-block-heading\">Choisir INGEFLEX ?<\/h3>\n\n\n\n<p class=\"has-medium-font-size\">\u2714 Expertise avanc\u00e9e en r\u00e9seau et s\u00e9curit\u00e9<br>\u2714 Exp\u00e9rience en environnements complexes multi-sites<br>\u2714 Approche orient\u00e9e r\u00e9sultats et performance <br>\u2714 R\u00e9activit\u00e9 et accompagnement personnalis\u00e9<br>\u2714 Relation client privil\u00e9gi\u00e9e et sur mesure<\/p>\n\n\n\n<p class=\"has-medium-font-size\"> <br> <\/p>\n\n\n\n<h2 class=\"wp-block-heading\">Besoin d\u2019un diagnostic rapide ?<\/h2>\n\n\n\n<p> <br> <\/p>\n\n\n\n<h3 class=\"wp-block-heading\">Obtenez une vision claire de votre infrastructure et identifiez vos axes d\u2019am\u00e9lioration.<\/h3>\n\n\n\n<p> <br><\/p>\n\n\n\n<div class=\"wp-block-buttons is-layout-flex wp-block-buttons-is-layout-flex\">\n<div class=\"wp-block-button\"><a class=\"wp-block-button__link wp-element-button\" href=\"https:\/\/ingeflex.com\/index.php\/demande-daudit-gratuit\/\">\ud83d\udc49 <strong>Audit gratuit \u2013 Sans engagement<\/strong><\/a><\/div>\n<\/div>\n\n\n\n<p> <br><\/p>\n\n\n\n<p><\/p>\n\n\n\n<p><\/p>\n\n\n\n<h2 class=\"wp-block-heading\">FAQ<\/h2>\n\n\n\n<p><strong>Exemples :<\/strong><\/p>\n\n\n\n<h3 class=\"wp-block-heading\">Qu\u2019est-ce que l\u2019infog\u00e9rance ?<\/h3>\n\n\n\n<p>L\u2019infog\u00e9rance consiste \u00e0 externaliser la gestion de votre syst\u00e8me informatique ou s&rsquo;appuyer sur des comp\u00e9tences externes pour votre personnel interne.<\/p>\n\n\n\n<h3 class=\"wp-block-heading\">Pourquoi faire un audit de s\u00e9curit\u00e9 ?<\/h3>\n\n\n\n<p>Pour identifier les vuln\u00e9rabilit\u00e9s et \u00e9viter les cyberattaques.<\/p>\n\n\n\n<p><\/p>\n\n\n\n<p><strong>Posez vos questions \u00e0 notre service client.<\/strong> <strong>(petite bulle bleue en bas \u00e0 droite)<\/strong><\/p>\n\n\n\n<p><\/p>\n","protected":false},"excerpt":{"rendered":"<p>INGEFLEX accompagne les PME et ETI dans la gestion, la s\u00e9curisation et l\u2019optimisation de leur syst\u00e8me d\u2019information.Notre objectif : garantir la performance, la continuit\u00e9 et la s\u00e9curit\u00e9 de votre infrastructure. PROBL\u00c9MATIQUES CLIENT Votre syst\u00e8me informatique vous freine ? Aujourd\u2019hui, de nombreuses entreprises rencontrent des difficult\u00e9s \u00e0 maintenir une infrastructure fiable&#8230;<\/p>\n","protected":false},"author":1,"featured_media":0,"parent":0,"menu_order":0,"comment_status":"closed","ping_status":"closed","template":"","meta":{"footnotes":""},"class_list":["post-7","page","type-page","status-publish","hentry"],"yoast_head":"<!-- This site is optimized with the Yoast SEO plugin v27.5 - https:\/\/yoast.com\/product\/yoast-seo-wordpress\/ -->\n<title>Infog\u00e9rance informatique &amp; cybers\u00e9curit\u00e9 | INGEFLEX<\/title>\n<meta name=\"description\" content=\"INGEFLEX accompagne les PME en infog\u00e9rance, cybers\u00e9curit\u00e9 et infrastructure r\u00e9seau. Audit gratuit sous 24h.\" \/>\n<meta name=\"robots\" content=\"index, follow, max-snippet:-1, max-image-preview:large, max-video-preview:-1\" \/>\n<link rel=\"canonical\" href=\"https:\/\/ingeflex.com\/\" \/>\n<meta property=\"og:locale\" content=\"fr_FR\" \/>\n<meta property=\"og:type\" content=\"article\" \/>\n<meta property=\"og:title\" content=\"Infog\u00e9rance informatique &amp; cybers\u00e9curit\u00e9 | INGEFLEX\" \/>\n<meta property=\"og:description\" content=\"INGEFLEX accompagne les PME en infog\u00e9rance, cybers\u00e9curit\u00e9 et infrastructure r\u00e9seau. Audit gratuit sous 24h.\" \/>\n<meta property=\"og:url\" content=\"https:\/\/ingeflex.com\/\" \/>\n<meta property=\"og:site_name\" content=\"INGEFLEX\" \/>\n<meta property=\"article:modified_time\" content=\"2026-04-07T13:32:25+00:00\" \/>\n<meta name=\"twitter:card\" content=\"summary_large_image\" \/>\n<meta name=\"twitter:label1\" content=\"Dur\u00e9e de lecture estim\u00e9e\" \/>\n\t<meta name=\"twitter:data1\" content=\"2 minutes\" \/>\n<script type=\"application\/ld+json\" class=\"yoast-schema-graph\">{\"@context\":\"https:\\\/\\\/schema.org\",\"@graph\":[{\"@type\":\"WebPage\",\"@id\":\"https:\\\/\\\/ingeflex.com\\\/\",\"url\":\"https:\\\/\\\/ingeflex.com\\\/\",\"name\":\"Infog\u00e9rance informatique & cybers\u00e9curit\u00e9 | INGEFLEX\",\"isPartOf\":{\"@id\":\"https:\\\/\\\/ingeflex.com\\\/#website\"},\"datePublished\":\"2021-07-21T10:44:37+00:00\",\"dateModified\":\"2026-04-07T13:32:25+00:00\",\"description\":\"INGEFLEX accompagne les PME en infog\u00e9rance, cybers\u00e9curit\u00e9 et infrastructure r\u00e9seau. Audit gratuit sous 24h.\",\"breadcrumb\":{\"@id\":\"https:\\\/\\\/ingeflex.com\\\/#breadcrumb\"},\"inLanguage\":\"fr-FR\",\"potentialAction\":[{\"@type\":\"ReadAction\",\"target\":[\"https:\\\/\\\/ingeflex.com\\\/\"]}]},{\"@type\":\"BreadcrumbList\",\"@id\":\"https:\\\/\\\/ingeflex.com\\\/#breadcrumb\",\"itemListElement\":[{\"@type\":\"ListItem\",\"position\":1,\"name\":\"Accueil\",\"item\":\"https:\\\/\\\/ingeflex.com\\\/\"},{\"@type\":\"ListItem\",\"position\":2,\"name\":\"S\u00e9curisez et optimisez votre infrastructure IT\"}]},{\"@type\":\"WebSite\",\"@id\":\"https:\\\/\\\/ingeflex.com\\\/#website\",\"url\":\"https:\\\/\\\/ingeflex.com\\\/\",\"name\":\"INGEFLEX\",\"description\":\"met en oeuvre votre cr\u00e9ativit\u00e9\",\"publisher\":{\"@id\":\"https:\\\/\\\/ingeflex.com\\\/#organization\"},\"potentialAction\":[{\"@type\":\"SearchAction\",\"target\":{\"@type\":\"EntryPoint\",\"urlTemplate\":\"https:\\\/\\\/ingeflex.com\\\/?s={search_term_string}\"},\"query-input\":{\"@type\":\"PropertyValueSpecification\",\"valueRequired\":true,\"valueName\":\"search_term_string\"}}],\"inLanguage\":\"fr-FR\"},{\"@type\":\"Organization\",\"@id\":\"https:\\\/\\\/ingeflex.com\\\/#organization\",\"name\":\"INGEFLEX\",\"url\":\"https:\\\/\\\/ingeflex.com\\\/\",\"logo\":{\"@type\":\"ImageObject\",\"inLanguage\":\"fr-FR\",\"@id\":\"https:\\\/\\\/ingeflex.com\\\/#\\\/schema\\\/logo\\\/image\\\/\",\"url\":\"https:\\\/\\\/ingeflex.com\\\/wp-content\\\/uploads\\\/2021\\\/07\\\/ing-logosite.png\",\"contentUrl\":\"https:\\\/\\\/ingeflex.com\\\/wp-content\\\/uploads\\\/2021\\\/07\\\/ing-logosite.png\",\"width\":512,\"height\":512,\"caption\":\"INGEFLEX\"},\"image\":{\"@id\":\"https:\\\/\\\/ingeflex.com\\\/#\\\/schema\\\/logo\\\/image\\\/\"}}]}<\/script>\n<!-- \/ Yoast SEO plugin. -->","yoast_head_json":{"title":"Infog\u00e9rance informatique & cybers\u00e9curit\u00e9 | INGEFLEX","description":"INGEFLEX accompagne les PME en infog\u00e9rance, cybers\u00e9curit\u00e9 et infrastructure r\u00e9seau. Audit gratuit sous 24h.","robots":{"index":"index","follow":"follow","max-snippet":"max-snippet:-1","max-image-preview":"max-image-preview:large","max-video-preview":"max-video-preview:-1"},"canonical":"https:\/\/ingeflex.com\/","og_locale":"fr_FR","og_type":"article","og_title":"Infog\u00e9rance informatique & cybers\u00e9curit\u00e9 | INGEFLEX","og_description":"INGEFLEX accompagne les PME en infog\u00e9rance, cybers\u00e9curit\u00e9 et infrastructure r\u00e9seau. Audit gratuit sous 24h.","og_url":"https:\/\/ingeflex.com\/","og_site_name":"INGEFLEX","article_modified_time":"2026-04-07T13:32:25+00:00","twitter_card":"summary_large_image","twitter_misc":{"Dur\u00e9e de lecture estim\u00e9e":"2 minutes"},"schema":{"@context":"https:\/\/schema.org","@graph":[{"@type":"WebPage","@id":"https:\/\/ingeflex.com\/","url":"https:\/\/ingeflex.com\/","name":"Infog\u00e9rance informatique & cybers\u00e9curit\u00e9 | INGEFLEX","isPartOf":{"@id":"https:\/\/ingeflex.com\/#website"},"datePublished":"2021-07-21T10:44:37+00:00","dateModified":"2026-04-07T13:32:25+00:00","description":"INGEFLEX accompagne les PME en infog\u00e9rance, cybers\u00e9curit\u00e9 et infrastructure r\u00e9seau. Audit gratuit sous 24h.","breadcrumb":{"@id":"https:\/\/ingeflex.com\/#breadcrumb"},"inLanguage":"fr-FR","potentialAction":[{"@type":"ReadAction","target":["https:\/\/ingeflex.com\/"]}]},{"@type":"BreadcrumbList","@id":"https:\/\/ingeflex.com\/#breadcrumb","itemListElement":[{"@type":"ListItem","position":1,"name":"Accueil","item":"https:\/\/ingeflex.com\/"},{"@type":"ListItem","position":2,"name":"S\u00e9curisez et optimisez votre infrastructure IT"}]},{"@type":"WebSite","@id":"https:\/\/ingeflex.com\/#website","url":"https:\/\/ingeflex.com\/","name":"INGEFLEX","description":"met en oeuvre votre cr\u00e9ativit\u00e9","publisher":{"@id":"https:\/\/ingeflex.com\/#organization"},"potentialAction":[{"@type":"SearchAction","target":{"@type":"EntryPoint","urlTemplate":"https:\/\/ingeflex.com\/?s={search_term_string}"},"query-input":{"@type":"PropertyValueSpecification","valueRequired":true,"valueName":"search_term_string"}}],"inLanguage":"fr-FR"},{"@type":"Organization","@id":"https:\/\/ingeflex.com\/#organization","name":"INGEFLEX","url":"https:\/\/ingeflex.com\/","logo":{"@type":"ImageObject","inLanguage":"fr-FR","@id":"https:\/\/ingeflex.com\/#\/schema\/logo\/image\/","url":"https:\/\/ingeflex.com\/wp-content\/uploads\/2021\/07\/ing-logosite.png","contentUrl":"https:\/\/ingeflex.com\/wp-content\/uploads\/2021\/07\/ing-logosite.png","width":512,"height":512,"caption":"INGEFLEX"},"image":{"@id":"https:\/\/ingeflex.com\/#\/schema\/logo\/image\/"}}]}},"_links":{"self":[{"href":"https:\/\/ingeflex.com\/index.php\/wp-json\/wp\/v2\/pages\/7","targetHints":{"allow":["GET"]}}],"collection":[{"href":"https:\/\/ingeflex.com\/index.php\/wp-json\/wp\/v2\/pages"}],"about":[{"href":"https:\/\/ingeflex.com\/index.php\/wp-json\/wp\/v2\/types\/page"}],"author":[{"embeddable":true,"href":"https:\/\/ingeflex.com\/index.php\/wp-json\/wp\/v2\/users\/1"}],"replies":[{"embeddable":true,"href":"https:\/\/ingeflex.com\/index.php\/wp-json\/wp\/v2\/comments?post=7"}],"version-history":[{"count":85,"href":"https:\/\/ingeflex.com\/index.php\/wp-json\/wp\/v2\/pages\/7\/revisions"}],"predecessor-version":[{"id":782,"href":"https:\/\/ingeflex.com\/index.php\/wp-json\/wp\/v2\/pages\/7\/revisions\/782"}],"wp:attachment":[{"href":"https:\/\/ingeflex.com\/index.php\/wp-json\/wp\/v2\/media?parent=7"}],"curies":[{"name":"wp","href":"https:\/\/api.w.org\/{rel}","templated":true}]}}