{"id":750,"date":"2026-04-01T06:16:26","date_gmt":"2026-04-01T04:16:26","guid":{"rendered":"https:\/\/ingeflex.com\/?page_id=750"},"modified":"2026-04-01T06:21:36","modified_gmt":"2026-04-01T04:21:36","slug":"projets-realises-recemment","status":"publish","type":"page","link":"https:\/\/ingeflex.com\/index.php\/projets-realises-recemment\/","title":{"rendered":"Projets r\u00e9alis\u00e9s r\u00e9cemment"},"content":{"rendered":"\n<ul class=\"wp-block-list\">\n<li>R\u00e9alisation d&rsquo;un MAN communal de 25 sites avec 22 Vlans par site en backbone 10Gb incluant des switches niveau 3 cloud managed, centralisation du filtrage, r\u00e9duction des co\u00fbts, ROI sur 24 mois concernant le mat\u00e9riel, le cout operateur, le filtrage et la prestation.<\/li>\n\n\n\n<li>Migration de PABX vers Centrex<\/li>\n\n\n\n<li>Reprise de compte client apr\u00e8s cyberattaque<\/li>\n\n\n\n<li>Mise en place de solutions de sauvegarde Cloud (Protection du cloud priv\u00e9 et des services office 365)<\/li>\n\n\n\n<li>Migration Vmware vers Proxmox<\/li>\n\n\n\n<li>Mise en place de succursales isol\u00e9es avec Starlink<\/li>\n\n\n\n<li>Couvertures wifi pour \u00e9tablissements scolaires<\/li>\n\n\n\n<li>Accompagnement DSI sur la conduite de projets et l&rsquo;\u00e9tablissement de budget<\/li>\n<\/ul>\n\n\n\n<p><\/p>\n\n\n\n<div class=\"wp-block-buttons is-layout-flex wp-block-buttons-is-layout-flex\">\n<div class=\"wp-block-button\"><a class=\"wp-block-button__link wp-element-button\" href=\"https:\/\/ingeflex.com\/index.php\/contact\/\">\ud83d\udc49 Contactez nous<\/a><\/div>\n<\/div>\n\n\n\n<p><br><\/p>\n","protected":false},"excerpt":{"rendered":"","protected":false},"author":1,"featured_media":0,"parent":0,"menu_order":0,"comment_status":"closed","ping_status":"closed","template":"","meta":{"footnotes":""},"class_list":["post-750","page","type-page","status-publish","hentry"],"yoast_head":"<!-- This site is optimized with the Yoast SEO plugin v27.6 - https:\/\/yoast.com\/product\/yoast-seo-wordpress\/ -->\n<title>Projets r\u00e9alis\u00e9s r\u00e9cemment - INGEFLEX<\/title>\n<meta name=\"robots\" content=\"index, follow, max-snippet:-1, max-image-preview:large, max-video-preview:-1\" \/>\n<link rel=\"canonical\" href=\"https:\/\/ingeflex.com\/index.php\/projets-realises-recemment\/\" \/>\n<meta property=\"og:locale\" content=\"fr_FR\" \/>\n<meta property=\"og:type\" content=\"article\" \/>\n<meta property=\"og:title\" content=\"Projets r\u00e9alis\u00e9s r\u00e9cemment - INGEFLEX\" \/>\n<meta property=\"og:url\" content=\"https:\/\/ingeflex.com\/index.php\/projets-realises-recemment\/\" \/>\n<meta property=\"og:site_name\" content=\"INGEFLEX\" \/>\n<meta property=\"article:modified_time\" content=\"2026-04-01T04:21:36+00:00\" \/>\n<meta name=\"twitter:card\" content=\"summary_large_image\" \/>\n<meta name=\"twitter:label1\" content=\"Dur\u00e9e de lecture estim\u00e9e\" \/>\n\t<meta name=\"twitter:data1\" content=\"1 minute\" \/>\n<script type=\"application\/ld+json\" class=\"yoast-schema-graph\">{\"@context\":\"https:\\\/\\\/schema.org\",\"@graph\":[{\"@type\":\"WebPage\",\"@id\":\"https:\\\/\\\/ingeflex.com\\\/index.php\\\/projets-realises-recemment\\\/\",\"url\":\"https:\\\/\\\/ingeflex.com\\\/index.php\\\/projets-realises-recemment\\\/\",\"name\":\"Projets r\u00e9alis\u00e9s r\u00e9cemment - INGEFLEX\",\"isPartOf\":{\"@id\":\"https:\\\/\\\/ingeflex.com\\\/#website\"},\"datePublished\":\"2026-04-01T04:16:26+00:00\",\"dateModified\":\"2026-04-01T04:21:36+00:00\",\"breadcrumb\":{\"@id\":\"https:\\\/\\\/ingeflex.com\\\/index.php\\\/projets-realises-recemment\\\/#breadcrumb\"},\"inLanguage\":\"fr-FR\",\"potentialAction\":[{\"@type\":\"ReadAction\",\"target\":[\"https:\\\/\\\/ingeflex.com\\\/index.php\\\/projets-realises-recemment\\\/\"]}]},{\"@type\":\"BreadcrumbList\",\"@id\":\"https:\\\/\\\/ingeflex.com\\\/index.php\\\/projets-realises-recemment\\\/#breadcrumb\",\"itemListElement\":[{\"@type\":\"ListItem\",\"position\":1,\"name\":\"Accueil\",\"item\":\"https:\\\/\\\/ingeflex.com\\\/\"},{\"@type\":\"ListItem\",\"position\":2,\"name\":\"Projets r\u00e9alis\u00e9s r\u00e9cemment\"}]},{\"@type\":\"WebSite\",\"@id\":\"https:\\\/\\\/ingeflex.com\\\/#website\",\"url\":\"https:\\\/\\\/ingeflex.com\\\/\",\"name\":\"INGEFLEX\",\"description\":\"met en oeuvre votre cr\u00e9ativit\u00e9\",\"publisher\":{\"@id\":\"https:\\\/\\\/ingeflex.com\\\/#organization\"},\"potentialAction\":[{\"@type\":\"SearchAction\",\"target\":{\"@type\":\"EntryPoint\",\"urlTemplate\":\"https:\\\/\\\/ingeflex.com\\\/?s={search_term_string}\"},\"query-input\":{\"@type\":\"PropertyValueSpecification\",\"valueRequired\":true,\"valueName\":\"search_term_string\"}}],\"inLanguage\":\"fr-FR\"},{\"@type\":\"Organization\",\"@id\":\"https:\\\/\\\/ingeflex.com\\\/#organization\",\"name\":\"INGEFLEX\",\"url\":\"https:\\\/\\\/ingeflex.com\\\/\",\"logo\":{\"@type\":\"ImageObject\",\"inLanguage\":\"fr-FR\",\"@id\":\"https:\\\/\\\/ingeflex.com\\\/#\\\/schema\\\/logo\\\/image\\\/\",\"url\":\"https:\\\/\\\/ingeflex.com\\\/wp-content\\\/uploads\\\/2021\\\/07\\\/ing-logosite.png\",\"contentUrl\":\"https:\\\/\\\/ingeflex.com\\\/wp-content\\\/uploads\\\/2021\\\/07\\\/ing-logosite.png\",\"width\":512,\"height\":512,\"caption\":\"INGEFLEX\"},\"image\":{\"@id\":\"https:\\\/\\\/ingeflex.com\\\/#\\\/schema\\\/logo\\\/image\\\/\"}}]}<\/script>\n<!-- \/ Yoast SEO plugin. -->","yoast_head_json":{"title":"Projets r\u00e9alis\u00e9s r\u00e9cemment - INGEFLEX","robots":{"index":"index","follow":"follow","max-snippet":"max-snippet:-1","max-image-preview":"max-image-preview:large","max-video-preview":"max-video-preview:-1"},"canonical":"https:\/\/ingeflex.com\/index.php\/projets-realises-recemment\/","og_locale":"fr_FR","og_type":"article","og_title":"Projets r\u00e9alis\u00e9s r\u00e9cemment - INGEFLEX","og_url":"https:\/\/ingeflex.com\/index.php\/projets-realises-recemment\/","og_site_name":"INGEFLEX","article_modified_time":"2026-04-01T04:21:36+00:00","twitter_card":"summary_large_image","twitter_misc":{"Dur\u00e9e de lecture estim\u00e9e":"1 minute"},"schema":{"@context":"https:\/\/schema.org","@graph":[{"@type":"WebPage","@id":"https:\/\/ingeflex.com\/index.php\/projets-realises-recemment\/","url":"https:\/\/ingeflex.com\/index.php\/projets-realises-recemment\/","name":"Projets r\u00e9alis\u00e9s r\u00e9cemment - INGEFLEX","isPartOf":{"@id":"https:\/\/ingeflex.com\/#website"},"datePublished":"2026-04-01T04:16:26+00:00","dateModified":"2026-04-01T04:21:36+00:00","breadcrumb":{"@id":"https:\/\/ingeflex.com\/index.php\/projets-realises-recemment\/#breadcrumb"},"inLanguage":"fr-FR","potentialAction":[{"@type":"ReadAction","target":["https:\/\/ingeflex.com\/index.php\/projets-realises-recemment\/"]}]},{"@type":"BreadcrumbList","@id":"https:\/\/ingeflex.com\/index.php\/projets-realises-recemment\/#breadcrumb","itemListElement":[{"@type":"ListItem","position":1,"name":"Accueil","item":"https:\/\/ingeflex.com\/"},{"@type":"ListItem","position":2,"name":"Projets r\u00e9alis\u00e9s r\u00e9cemment"}]},{"@type":"WebSite","@id":"https:\/\/ingeflex.com\/#website","url":"https:\/\/ingeflex.com\/","name":"INGEFLEX","description":"met en oeuvre votre cr\u00e9ativit\u00e9","publisher":{"@id":"https:\/\/ingeflex.com\/#organization"},"potentialAction":[{"@type":"SearchAction","target":{"@type":"EntryPoint","urlTemplate":"https:\/\/ingeflex.com\/?s={search_term_string}"},"query-input":{"@type":"PropertyValueSpecification","valueRequired":true,"valueName":"search_term_string"}}],"inLanguage":"fr-FR"},{"@type":"Organization","@id":"https:\/\/ingeflex.com\/#organization","name":"INGEFLEX","url":"https:\/\/ingeflex.com\/","logo":{"@type":"ImageObject","inLanguage":"fr-FR","@id":"https:\/\/ingeflex.com\/#\/schema\/logo\/image\/","url":"https:\/\/ingeflex.com\/wp-content\/uploads\/2021\/07\/ing-logosite.png","contentUrl":"https:\/\/ingeflex.com\/wp-content\/uploads\/2021\/07\/ing-logosite.png","width":512,"height":512,"caption":"INGEFLEX"},"image":{"@id":"https:\/\/ingeflex.com\/#\/schema\/logo\/image\/"}}]}},"_links":{"self":[{"href":"https:\/\/ingeflex.com\/index.php\/wp-json\/wp\/v2\/pages\/750","targetHints":{"allow":["GET"]}}],"collection":[{"href":"https:\/\/ingeflex.com\/index.php\/wp-json\/wp\/v2\/pages"}],"about":[{"href":"https:\/\/ingeflex.com\/index.php\/wp-json\/wp\/v2\/types\/page"}],"author":[{"embeddable":true,"href":"https:\/\/ingeflex.com\/index.php\/wp-json\/wp\/v2\/users\/1"}],"replies":[{"embeddable":true,"href":"https:\/\/ingeflex.com\/index.php\/wp-json\/wp\/v2\/comments?post=750"}],"version-history":[{"count":4,"href":"https:\/\/ingeflex.com\/index.php\/wp-json\/wp\/v2\/pages\/750\/revisions"}],"predecessor-version":[{"id":756,"href":"https:\/\/ingeflex.com\/index.php\/wp-json\/wp\/v2\/pages\/750\/revisions\/756"}],"wp:attachment":[{"href":"https:\/\/ingeflex.com\/index.php\/wp-json\/wp\/v2\/media?parent=750"}],"curies":[{"name":"wp","href":"https:\/\/api.w.org\/{rel}","templated":true}]}}